{"id":2365,"date":"2025-07-03T14:42:51","date_gmt":"2025-07-03T12:42:51","guid":{"rendered":"https:\/\/kaminskinauka.pl\/?page_id=2365"},"modified":"2025-09-23T19:11:43","modified_gmt":"2025-09-23T17:11:43","slug":"am","status":"publish","type":"page","link":"https:\/\/kaminskinauka.pl\/index.php\/am\/","title":{"rendered":"Kategoria AM"},"content":{"rendered":"\t\t<div data-elementor-type=\"wp-page\" data-elementor-id=\"2365\" class=\"elementor elementor-2365\">\n\t\t\t\t<div class=\"elementor-element elementor-element-e36c090 service-details e-flex e-con-boxed e-con e-parent\" data-id=\"e36c090\" data-element_type=\"container\" data-e-type=\"container\">\n\t\t\t\t\t<div class=\"e-con-inner\">\n\t\t<div class=\"elementor-element elementor-element-ef88cfb e-con-full e-flex e-con e-child\" data-id=\"ef88cfb\" data-element_type=\"container\" data-e-type=\"container\">\n\t\t\t\t<div class=\"elementor-element elementor-element-fa58184 elementor-widget elementor-widget-sidebar-nav\" data-id=\"fa58184\" data-element_type=\"widget\" data-e-type=\"widget\" data-widget_type=\"sidebar-nav.default\">\n\t\t\t\t<div class=\"elementor-widget-container\">\n\t\t\t\t\t    <div class=\"service-sidebar__single  wow fadeInUp\" data-wow-delay='500ms'>\r\n        <h3 class=\"service-sidebar__title background-black-2\">KATEGORIE<\/h3>                    <div class=\"menu-service-menu-container\"><ul id=\"menu-service-menu\" class=\"list-unstyled service-sidebar__nav ml-0\"><li id=\"menu-item-2392\" class=\"menu-item menu-item-type-post_type menu-item-object-page menu-item-2392\"><a href=\"https:\/\/kaminskinauka.pl\/index.php\/am\/\">Kategoria AM<\/a><\/li>\n<li id=\"menu-item-2402\" class=\"menu-item menu-item-type-post_type menu-item-object-page menu-item-2402\"><a href=\"https:\/\/kaminskinauka.pl\/index.php\/a1\/\">Kategoria A1<\/a><\/li>\n<li id=\"menu-item-2474\" class=\"menu-item menu-item-type-post_type menu-item-object-page menu-item-2474\"><a href=\"https:\/\/kaminskinauka.pl\/index.php\/a2\/\">Kategoria A2<\/a><\/li>\n<li id=\"menu-item-2475\" class=\"menu-item menu-item-type-post_type menu-item-object-page menu-item-2475\"><a href=\"https:\/\/kaminskinauka.pl\/index.php\/b\/\">Kategoria B<\/a><\/li>\n<li id=\"menu-item-2494\" class=\"menu-item menu-item-type-post_type menu-item-object-page menu-item-2494\"><a href=\"https:\/\/kaminskinauka.pl\/index.php\/be\/\">Kategoria B + E<\/a><\/li>\n<li id=\"menu-item-2545\" class=\"menu-item menu-item-type-post_type menu-item-object-page menu-item-2545\"><a href=\"https:\/\/kaminskinauka.pl\/index.php\/c\/\">Kategoria C<\/a><\/li>\n<li id=\"menu-item-2522\" class=\"menu-item menu-item-type-post_type menu-item-object-page menu-item-2522\"><a href=\"https:\/\/kaminskinauka.pl\/index.php\/ce\/\">Kategoria C + E<\/a><\/li>\n<li id=\"menu-item-2523\" class=\"menu-item menu-item-type-post_type menu-item-object-page menu-item-2523\"><a href=\"https:\/\/kaminskinauka.pl\/index.php\/t\/\">Kategoria T<\/a><\/li>\n<li id=\"menu-item-2630\" class=\"menu-item menu-item-type-post_type menu-item-object-page menu-item-2630\"><a href=\"https:\/\/kaminskinauka.pl\/index.php\/learn\/\">Szkolenia Okresowe<\/a><\/li>\n<li id=\"menu-item-2631\" class=\"menu-item menu-item-type-post_type menu-item-object-page menu-item-2631\"><a href=\"https:\/\/kaminskinauka.pl\/index.php\/kwalifikacja\/\">Kwalifikacja wst\u0119pna<\/a><\/li>\n<li id=\"menu-item-2632\" class=\"menu-item menu-item-type-post_type menu-item-object-page menu-item-2632\"><a href=\"https:\/\/kaminskinauka.pl\/index.php\/kwalifikacjap\/\">Kwalifikacja wst\u0119pna przy\u015bpieszona<\/a><\/li>\n<\/ul><\/div>            <\/div><!-- \/.service-sidebar__single -->\r\n\t\t\t\t<\/div>\n\t\t\t\t<\/div>\n\t\t\t\t<div class=\"elementor-element elementor-element-110d9e6 elementor-widget elementor-widget-drivschol-call-to-action\" data-id=\"110d9e6\" data-element_type=\"widget\" data-e-type=\"widget\" data-widget_type=\"drivschol-call-to-action.default\">\n\t\t\t\t<div class=\"elementor-widget-container\">\n\t\t\t\t\t    <!-- Call To Action Two Start -->\r\n    <section class=\"cta-one\">\r\n        <div class=\"cta-one__wrapper\">\r\n            <div class=\"container\">\r\n                <div class=\"row align-items-center\">\r\n                    <div class=\"col-md-7\">\r\n                        <div class=\"cta-one__content wow fadeInUp\" data-wow-delay='200ms'>\r\n                            <h3 class=\"cta-one__title\">Zarezerwuj sw\u00f3j kurs jeszcze dzisiaj<\/h3>                            <a href=\"https:\/\/kaminskinauka.pl\/index.php\/contact\/\"  class=\"drivschol-btn\">\r\n                                <span>Kontakt<\/span>\r\n                            <\/a>\r\n                        <\/div>\r\n                    <\/div>\r\n                    <div class=\"col-md-5\">\r\n                        <div class=\"cta-one__thumb\">\r\n                            <div class=\"cta-one__thumb__one wow fadeInUp\" data-wow-delay=\"300ms\">\r\n                                <div class=\"cta-one__thumb__one__thumb\">\r\n                                    <img decoding=\"async\" src=\"https:\/\/kaminskinauka.pl\/wp-content\/uploads\/2023\/12\/cta-car.png\" alt=\"cta-car\" title=\"cta-car\" >                                <\/div>\r\n                            <\/div><!-- \/.cta-thumb-one -->\r\n                        <\/div>\r\n                    <\/div>\r\n                <\/div>\r\n            <\/div><!-- \/.container -->\r\n            <div class=\"cta-one__element\">\r\n                <img decoding=\"async\" src=\"https:\/\/kaminskinauka.pl\/wp-content\/uploads\/2023\/12\/cta-bg-1-1-1.png\" alt=\"cta-bg-1-1\" title=\"cta-bg-1-1\" >            <\/div><!-- \/.cta-one__element -->\r\n        <\/div>\r\n    <\/section><!-- \/.cta-one -->\r\n    <!-- Call To Action Two End -->\r\n\t\t\t\t<\/div>\n\t\t\t\t<\/div>\n\t\t\t\t<\/div>\n\t\t<div class=\"elementor-element elementor-element-2ea42c4 e-con-full service-details__content e-flex e-con e-child\" data-id=\"2ea42c4\" data-element_type=\"container\" data-e-type=\"container\">\n\t\t\t\t<div class=\"elementor-element elementor-element-61a9e79 elementor-widget elementor-widget-image\" data-id=\"61a9e79\" data-element_type=\"widget\" data-e-type=\"widget\" data-widget_type=\"image.default\">\n\t\t\t\t<div class=\"elementor-widget-container\">\n\t\t\t\t\t\t\t\t\t\t\t\t\t\t\t<img fetchpriority=\"high\" decoding=\"async\" width=\"1024\" height=\"1024\" src=\"http:\/\/kaminskinauka.pl\/wp-content\/uploads\/2025\/07\/ChatGPT-Image-3-lip-2025-18_15_20.png\" class=\"attachment-full size-full wp-image-2384\" alt=\"\" srcset=\"http:\/\/kaminskinauka.pl\/wp-content\/uploads\/2025\/07\/ChatGPT-Image-3-lip-2025-18_15_20.png 1024w, http:\/\/kaminskinauka.pl\/wp-content\/uploads\/2025\/07\/ChatGPT-Image-3-lip-2025-18_15_20-300x300.png 300w, http:\/\/kaminskinauka.pl\/wp-content\/uploads\/2025\/07\/ChatGPT-Image-3-lip-2025-18_15_20-150x150.png 150w, http:\/\/kaminskinauka.pl\/wp-content\/uploads\/2025\/07\/ChatGPT-Image-3-lip-2025-18_15_20-768x768.png 768w, http:\/\/kaminskinauka.pl\/wp-content\/uploads\/2025\/07\/ChatGPT-Image-3-lip-2025-18_15_20-70x70.png 70w, http:\/\/kaminskinauka.pl\/wp-content\/uploads\/2025\/07\/ChatGPT-Image-3-lip-2025-18_15_20-270x270.png 270w, http:\/\/kaminskinauka.pl\/wp-content\/uploads\/2025\/07\/ChatGPT-Image-3-lip-2025-18_15_20-570x570.png 570w, http:\/\/kaminskinauka.pl\/wp-content\/uploads\/2025\/07\/ChatGPT-Image-3-lip-2025-18_15_20-100x100.png 100w, http:\/\/kaminskinauka.pl\/wp-content\/uploads\/2025\/07\/ChatGPT-Image-3-lip-2025-18_15_20-460x460.png 460w\" sizes=\"(max-width: 1024px) 100vw, 1024px\" \/>\t\t\t\t\t\t\t\t\t\t\t\t\t\t\t<\/div>\n\t\t\t\t<\/div>\n\t\t\t\t<div class=\"elementor-element elementor-element-28fec18 elementor-widget elementor-widget-image\" data-id=\"28fec18\" data-element_type=\"widget\" data-e-type=\"widget\" data-widget_type=\"image.default\">\n\t\t\t\t<div class=\"elementor-widget-container\">\n\t\t\t\t\t\t\t\t\t\t\t\t\t\t\t<img decoding=\"async\" width=\"1024\" height=\"1024\" src=\"http:\/\/kaminskinauka.pl\/wp-content\/uploads\/2025\/07\/ChatGPT-Image-3-lip-2025-18_18_54.png\" class=\"attachment-full size-full wp-image-2385\" alt=\"\" srcset=\"http:\/\/kaminskinauka.pl\/wp-content\/uploads\/2025\/07\/ChatGPT-Image-3-lip-2025-18_18_54.png 1024w, http:\/\/kaminskinauka.pl\/wp-content\/uploads\/2025\/07\/ChatGPT-Image-3-lip-2025-18_18_54-300x300.png 300w, http:\/\/kaminskinauka.pl\/wp-content\/uploads\/2025\/07\/ChatGPT-Image-3-lip-2025-18_18_54-150x150.png 150w, http:\/\/kaminskinauka.pl\/wp-content\/uploads\/2025\/07\/ChatGPT-Image-3-lip-2025-18_18_54-768x768.png 768w, http:\/\/kaminskinauka.pl\/wp-content\/uploads\/2025\/07\/ChatGPT-Image-3-lip-2025-18_18_54-70x70.png 70w, http:\/\/kaminskinauka.pl\/wp-content\/uploads\/2025\/07\/ChatGPT-Image-3-lip-2025-18_18_54-270x270.png 270w, http:\/\/kaminskinauka.pl\/wp-content\/uploads\/2025\/07\/ChatGPT-Image-3-lip-2025-18_18_54-570x570.png 570w, http:\/\/kaminskinauka.pl\/wp-content\/uploads\/2025\/07\/ChatGPT-Image-3-lip-2025-18_18_54-100x100.png 100w, http:\/\/kaminskinauka.pl\/wp-content\/uploads\/2025\/07\/ChatGPT-Image-3-lip-2025-18_18_54-460x460.png 460w\" sizes=\"(max-width: 1024px) 100vw, 1024px\" \/>\t\t\t\t\t\t\t\t\t\t\t\t\t\t\t<\/div>\n\t\t\t\t<\/div>\n\t\t\t\t<div class=\"elementor-element elementor-element-f0b20fe elementor-widget elementor-widget-heading\" data-id=\"f0b20fe\" data-element_type=\"widget\" data-e-type=\"widget\" data-widget_type=\"heading.default\">\n\t\t\t\t<div class=\"elementor-widget-container\">\n\t\t\t\t\t<h3 class=\"elementor-heading-title elementor-size-default\">PRAWO JAZDY KATEGORII AM<\/h3>\t\t\t\t<\/div>\n\t\t\t\t<\/div>\n\t\t\t\t<div class=\"elementor-element elementor-element-dc763b5 elementor-widget elementor-widget-text-editor\" data-id=\"dc763b5\" data-element_type=\"widget\" data-e-type=\"widget\" data-widget_type=\"text-editor.default\">\n\t\t\t\t<div class=\"elementor-widget-container\">\n\t\t\t\t\t\t\t\t\t<div class=\"WaaZC\"><div class=\"rPeykc\" data-hveid=\"CCEQAQ\" data-ved=\"2ahUKEwjY5rGd2qCOAxW0FBAIHcA6IhAQo_EKegQIIRAB\"><p style=\"text-align: center;\" data-start=\"0\" data-end=\"150\"><strong data-start=\"0\" data-end=\"28\">Prawo jazdy kategorii AM<\/strong> to dokument uprawniaj\u0105cy do kierowania okre\u015blonymi pojazdami przez osoby od 14. roku \u017cycia. Oto najwa\u017cniejsze informacje:<\/p><hr data-start=\"152\" data-end=\"155\" \/><h3 style=\"text-align: center;\" data-start=\"157\" data-end=\"208\">\u2705 <strong data-start=\"163\" data-end=\"208\">Co pozwala prowadzi\u0107 prawo jazdy kat. AM?<\/strong><\/h3><ul style=\"text-align: center;\" data-start=\"209\" data-end=\"497\"><li data-start=\"209\" data-end=\"363\"><p data-start=\"211\" data-end=\"259\"><strong data-start=\"211\" data-end=\"224\">Motorower<\/strong> \u2013 dwuko\u0142owy lub tr\u00f3jko\u0142owy pojazd:<\/p><ul data-start=\"262\" data-end=\"363\"><li data-start=\"262\" data-end=\"322\"><p data-start=\"264\" data-end=\"322\">z silnikiem spalinowym do 50 cm\u00b3 lub elektrycznym do 4 kW,<\/p><\/li><li data-start=\"325\" data-end=\"363\"><p data-start=\"327\" data-end=\"363\">z ograniczon\u0105 pr\u0119dko\u015bci\u0105 do 45 km\/h.<\/p><\/li><\/ul><\/li><li data-start=\"364\" data-end=\"497\"><p data-start=\"366\" data-end=\"426\"><strong data-start=\"366\" data-end=\"425\">Czteroko\u0142owiec lekki (np. mikroauta typu Ligier, Aixam)<\/strong>:<\/p><ul data-start=\"429\" data-end=\"497\"><li data-start=\"429\" data-end=\"453\"><p data-start=\"431\" data-end=\"453\">masa w\u0142asna do 350 kg,<\/p><\/li><li data-start=\"456\" data-end=\"497\"><p data-start=\"458\" data-end=\"497\">pr\u0119dko\u015b\u0107 maksymalna r\u00f3wnie\u017c do 45 km\/h.<\/p><\/li><\/ul><\/li><\/ul><hr data-start=\"499\" data-end=\"502\" \/><h3 style=\"text-align: center;\" data-start=\"504\" data-end=\"532\">\ud83d\udcc5 <strong data-start=\"511\" data-end=\"532\">Wymagania wiekowe<\/strong><\/h3><ul style=\"text-align: center;\" data-start=\"533\" data-end=\"759\"><li data-start=\"533\" data-end=\"595\"><p data-start=\"535\" data-end=\"595\">Kurs mo\u017cna rozpocz\u0105\u0107 <strong data-start=\"556\" data-end=\"594\">na 3 miesi\u0105ce przed 14. urodzinami<\/strong>.<\/p><\/li><li data-start=\"596\" data-end=\"670\"><p data-start=\"598\" data-end=\"670\">Egzamin i wydanie dokumentu mo\u017cliwe <strong data-start=\"634\" data-end=\"669\">najwcze\u015bniej w dniu 14. urodzin<\/strong>.<\/p><\/li><li data-start=\"671\" data-end=\"759\"><p data-start=\"673\" data-end=\"759\"><strong data-start=\"673\" data-end=\"708\">Zgoda rodzica\/opiekuna prawnego<\/strong> jest wymagana, je\u015bli kandydat nie uko\u0144czy\u0142 18 lat.<\/p><\/li><\/ul><hr data-start=\"761\" data-end=\"764\" \/><h3 style=\"text-align: center;\" data-start=\"766\" data-end=\"801\">\ud83e\uddfe <strong data-start=\"773\" data-end=\"801\">Jak zdoby\u0107 kategori\u0119 AM?<\/strong><\/h3><ol data-start=\"802\" data-end=\"1303\"><li style=\"text-align: center;\" data-start=\"802\" data-end=\"977\"><p data-start=\"805\" data-end=\"850\"><strong data-start=\"805\" data-end=\"850\">Wyr\u00f3b Profil Kandydata na Kierowc\u0119 (PKK):<\/strong><\/p><ul data-start=\"854\" data-end=\"977\"><li data-start=\"854\" data-end=\"864\"><p data-start=\"856\" data-end=\"864\">zdj\u0119cie,<\/p><\/li><li data-start=\"868\" data-end=\"888\"><p data-start=\"870\" data-end=\"888\">badanie lekarskie,<\/p><\/li><li data-start=\"892\" data-end=\"930\"><p data-start=\"894\" data-end=\"930\">zgoda rodzica (dla niepe\u0142noletnich),<\/p><\/li><li data-start=\"934\" data-end=\"977\"><p data-start=\"936\" data-end=\"977\">dow\u00f3d to\u017csamo\u015bci lub legitymacja szkolna.<\/p><\/li><\/ul><\/li><li style=\"text-align: center;\" data-start=\"978\" data-end=\"1116\"><p data-start=\"981\" data-end=\"1040\"><strong data-start=\"981\" data-end=\"1003\">Zapisz si\u0119 na kurs<\/strong> w o\u015brodku szkolenia kierowc\u00f3w (OSK):<\/p><ul data-start=\"1044\" data-end=\"1116\"><li data-start=\"1044\" data-end=\"1076\"><p data-start=\"1046\" data-end=\"1076\">cz\u0119\u015b\u0107 teoretyczna: ~10 godzin,<\/p><\/li><li data-start=\"1080\" data-end=\"1116\"><p data-start=\"1082\" data-end=\"1116\">cz\u0119\u015b\u0107 praktyczna: ~10 godzin jazd.<\/p><\/li><\/ul><\/li><li style=\"text-align: center;\" data-start=\"1117\" data-end=\"1258\"><p data-start=\"1120\" data-end=\"1154\"><strong data-start=\"1120\" data-end=\"1154\">Zdaj egzamin pa\u0144stwowy w WORD:<\/strong><\/p><ul data-start=\"1158\" data-end=\"1258\"><li data-start=\"1158\" data-end=\"1195\"><p data-start=\"1160\" data-end=\"1195\">teoria (test wielokrotnego wyboru),<\/p><\/li><li data-start=\"1199\" data-end=\"1258\"><p data-start=\"1201\" data-end=\"1258\">praktyka (plac manewrowy i jazda po drogach publicznych).<\/p><\/li><\/ul><\/li><li data-start=\"1259\" data-end=\"1303\"><p style=\"text-align: center;\" data-start=\"1262\" data-end=\"1303\"><strong data-start=\"1262\" data-end=\"1303\">Op\u0142a\u0107 i odbierz dokument prawa jazdy.<\/strong><\/p><\/li><\/ol><\/div><\/div>\t\t\t\t\t\t\t\t<\/div>\n\t\t\t\t<\/div>\n\t\t\t\t<div class=\"elementor-element elementor-element-2c203f9 elementor-widget elementor-widget-image\" data-id=\"2c203f9\" data-element_type=\"widget\" data-e-type=\"widget\" data-widget_type=\"image.default\">\n\t\t\t\t<div class=\"elementor-widget-container\">\n\t\t\t\t\t\t\t\t\t\t\t\t\t\t\t<img decoding=\"async\" width=\"1536\" height=\"1024\" src=\"http:\/\/kaminskinauka.pl\/wp-content\/uploads\/2025\/07\/ChatGPT-Image-3-lip-2025-15_06_06.png\" class=\"attachment-full size-full wp-image-2374\" alt=\"\" srcset=\"http:\/\/kaminskinauka.pl\/wp-content\/uploads\/2025\/07\/ChatGPT-Image-3-lip-2025-15_06_06.png 1536w, http:\/\/kaminskinauka.pl\/wp-content\/uploads\/2025\/07\/ChatGPT-Image-3-lip-2025-15_06_06-300x200.png 300w, http:\/\/kaminskinauka.pl\/wp-content\/uploads\/2025\/07\/ChatGPT-Image-3-lip-2025-15_06_06-1024x683.png 1024w, http:\/\/kaminskinauka.pl\/wp-content\/uploads\/2025\/07\/ChatGPT-Image-3-lip-2025-15_06_06-768x512.png 768w, http:\/\/kaminskinauka.pl\/wp-content\/uploads\/2025\/07\/ChatGPT-Image-3-lip-2025-15_06_06-570x380.png 570w\" sizes=\"(max-width: 1536px) 100vw, 1536px\" \/>\t\t\t\t\t\t\t\t\t\t\t\t\t\t\t<\/div>\n\t\t\t\t<\/div>\n\t\t<div class=\"elementor-element elementor-element-9516e27 e-con-full e-flex e-con e-child\" data-id=\"9516e27\" data-element_type=\"container\" data-e-type=\"container\">\n\t\t\t\t<\/div>\n\t\t\t\t<\/div>\n\t\t\t\t\t<\/div>\n\t\t\t\t<\/div>\n\t\t\t\t<\/div>\n\t\t","protected":false},"excerpt":{"rendered":"<p>KATEGORIE Kategoria AM Kategoria A1 Kategoria A2 Kategoria B Kategoria C Kategoria C + E Zarezerwuj sw\u00f3j kurs jeszcze dzisiaj Kontakt PRAWO JAZDY KATEGORII AM Prawo jazdy kategorii AM\u00a0uprawnia do kierowania motorowerem i lekkim czteroko\u0142owcem.\u00a0Oznacza to, \u017ce posiadacz tej kategorii mo\u017ce prowadzi\u0107 pojazdy, kt\u00f3re charakteryzuj\u0105 si\u0119 okre\u015blon\u0105 specyfikacj\u0105 techniczn\u0105 (np. pojemno\u015b\u0107 silnika spalinowego do 50 [&hellip;]<\/p>\n","protected":false},"author":1,"featured_media":0,"parent":0,"menu_order":0,"comment_status":"closed","ping_status":"closed","template":"elementor_header_footer","meta":{"footnotes":""},"class_list":["post-2365","page","type-page","status-publish","hentry"],"yoast_head":"<!-- This site is optimized with the Yoast SEO plugin v27.4 - https:\/\/yoast.com\/product\/yoast-seo-wordpress\/ -->\n<title>Kategoria AM - Nauka Jazdy Krzysztof Kami\u0144ski<\/title>\n<meta name=\"description\" content=\"kaminski szkola jazdy\" \/>\n<meta name=\"robots\" content=\"index, follow, max-snippet:-1, max-image-preview:large, max-video-preview:-1\" \/>\n<link rel=\"canonical\" href=\"http:\/\/kaminskinauka.pl\/index.php\/am\/\" \/>\n<meta property=\"og:locale\" content=\"pl_PL\" \/>\n<meta property=\"og:type\" content=\"article\" \/>\n<meta property=\"og:title\" content=\"Kategoria AM - Nauka Jazdy Krzysztof Kami\u0144ski\" \/>\n<meta property=\"og:description\" content=\"kaminski szkola jazdy\" \/>\n<meta property=\"og:url\" content=\"http:\/\/kaminskinauka.pl\/index.php\/am\/\" \/>\n<meta property=\"og:site_name\" content=\"Nauka Jazdy Krzysztof Kami\u0144ski\" \/>\n<meta property=\"article:publisher\" content=\"https:\/\/www.facebook.com\/OSKKaminski\/\" \/>\n<meta property=\"article:modified_time\" content=\"2025-09-23T17:11:43+00:00\" \/>\n<meta property=\"og:image\" content=\"http:\/\/kaminskinauka.pl\/wp-content\/uploads\/2023\/12\/cta-car.png\" \/>\n<meta name=\"twitter:card\" content=\"summary_large_image\" \/>\n<meta name=\"twitter:label1\" content=\"Szacowany czas czytania\" \/>\n\t<meta name=\"twitter:data1\" content=\"3 minuty\" \/>\n<script type=\"application\/ld+json\" class=\"yoast-schema-graph\">{\"@context\":\"https:\\\/\\\/schema.org\",\"@graph\":[{\"@type\":\"WebPage\",\"@id\":\"http:\\\/\\\/kaminskinauka.pl\\\/index.php\\\/am\\\/\",\"url\":\"http:\\\/\\\/kaminskinauka.pl\\\/index.php\\\/am\\\/\",\"name\":\"Kategoria AM - Nauka Jazdy Krzysztof Kami\u0144ski\",\"isPartOf\":{\"@id\":\"https:\\\/\\\/kaminskinauka.pl\\\/#website\"},\"primaryImageOfPage\":{\"@id\":\"http:\\\/\\\/kaminskinauka.pl\\\/index.php\\\/am\\\/#primaryimage\"},\"image\":{\"@id\":\"http:\\\/\\\/kaminskinauka.pl\\\/index.php\\\/am\\\/#primaryimage\"},\"thumbnailUrl\":\"http:\\\/\\\/kaminskinauka.pl\\\/wp-content\\\/uploads\\\/2023\\\/12\\\/cta-car.png\",\"datePublished\":\"2025-07-03T12:42:51+00:00\",\"dateModified\":\"2025-09-23T17:11:43+00:00\",\"description\":\"kaminski szkola jazdy\",\"breadcrumb\":{\"@id\":\"http:\\\/\\\/kaminskinauka.pl\\\/index.php\\\/am\\\/#breadcrumb\"},\"inLanguage\":\"pl-PL\",\"potentialAction\":[{\"@type\":\"ReadAction\",\"target\":[\"http:\\\/\\\/kaminskinauka.pl\\\/index.php\\\/am\\\/\"]}]},{\"@type\":\"ImageObject\",\"inLanguage\":\"pl-PL\",\"@id\":\"http:\\\/\\\/kaminskinauka.pl\\\/index.php\\\/am\\\/#primaryimage\",\"url\":\"http:\\\/\\\/kaminskinauka.pl\\\/wp-content\\\/uploads\\\/2023\\\/12\\\/cta-car.png\",\"contentUrl\":\"http:\\\/\\\/kaminskinauka.pl\\\/wp-content\\\/uploads\\\/2023\\\/12\\\/cta-car.png\"},{\"@type\":\"BreadcrumbList\",\"@id\":\"http:\\\/\\\/kaminskinauka.pl\\\/index.php\\\/am\\\/#breadcrumb\",\"itemListElement\":[{\"@type\":\"ListItem\",\"position\":1,\"name\":\"Strona g\u0142\u00f3wna\",\"item\":\"https:\\\/\\\/kaminskinauka.pl\\\/\"},{\"@type\":\"ListItem\",\"position\":2,\"name\":\"Kategoria AM\"}]},{\"@type\":\"WebSite\",\"@id\":\"https:\\\/\\\/kaminskinauka.pl\\\/#website\",\"url\":\"https:\\\/\\\/kaminskinauka.pl\\\/\",\"name\":\"Nauka Jazdy Krzysztof Kami\u0144ski\",\"description\":\"Szko\u0142a Jazdy Krzysztof Kami\u0144ski\",\"publisher\":{\"@id\":\"https:\\\/\\\/kaminskinauka.pl\\\/#organization\"},\"alternateName\":\"Prawo Jazdy Strzegom\",\"potentialAction\":[{\"@type\":\"SearchAction\",\"target\":{\"@type\":\"EntryPoint\",\"urlTemplate\":\"https:\\\/\\\/kaminskinauka.pl\\\/?s={search_term_string}\"},\"query-input\":{\"@type\":\"PropertyValueSpecification\",\"valueRequired\":true,\"valueName\":\"search_term_string\"}}],\"inLanguage\":\"pl-PL\"},{\"@type\":\"Organization\",\"@id\":\"https:\\\/\\\/kaminskinauka.pl\\\/#organization\",\"name\":\"Szko\u0142a Jazdy Krzysztof Kami\u0144ski\",\"url\":\"https:\\\/\\\/kaminskinauka.pl\\\/\",\"logo\":{\"@type\":\"ImageObject\",\"inLanguage\":\"pl-PL\",\"@id\":\"https:\\\/\\\/kaminskinauka.pl\\\/#\\\/schema\\\/logo\\\/image\\\/\",\"url\":\"https:\\\/\\\/kaminskinauka.pl\\\/wp-content\\\/uploads\\\/2025\\\/06\\\/cropped-cropped-KKSNJ.jpg\",\"contentUrl\":\"https:\\\/\\\/kaminskinauka.pl\\\/wp-content\\\/uploads\\\/2025\\\/06\\\/cropped-cropped-KKSNJ.jpg\",\"width\":512,\"height\":512,\"caption\":\"Szko\u0142a Jazdy Krzysztof Kami\u0144ski\"},\"image\":{\"@id\":\"https:\\\/\\\/kaminskinauka.pl\\\/#\\\/schema\\\/logo\\\/image\\\/\"},\"sameAs\":[\"https:\\\/\\\/www.facebook.com\\\/OSKKaminski\\\/\"]}]}<\/script>\n<!-- \/ Yoast SEO plugin. -->","yoast_head_json":{"title":"Kategoria AM - Nauka Jazdy Krzysztof Kami\u0144ski","description":"kaminski szkola jazdy","robots":{"index":"index","follow":"follow","max-snippet":"max-snippet:-1","max-image-preview":"max-image-preview:large","max-video-preview":"max-video-preview:-1"},"canonical":"http:\/\/kaminskinauka.pl\/index.php\/am\/","og_locale":"pl_PL","og_type":"article","og_title":"Kategoria AM - Nauka Jazdy Krzysztof Kami\u0144ski","og_description":"kaminski szkola jazdy","og_url":"http:\/\/kaminskinauka.pl\/index.php\/am\/","og_site_name":"Nauka Jazdy Krzysztof Kami\u0144ski","article_publisher":"https:\/\/www.facebook.com\/OSKKaminski\/","article_modified_time":"2025-09-23T17:11:43+00:00","og_image":[{"url":"http:\/\/kaminskinauka.pl\/wp-content\/uploads\/2023\/12\/cta-car.png","type":"","width":"","height":""}],"twitter_card":"summary_large_image","twitter_misc":{"Szacowany czas czytania":"3 minuty"},"schema":{"@context":"https:\/\/schema.org","@graph":[{"@type":"WebPage","@id":"http:\/\/kaminskinauka.pl\/index.php\/am\/","url":"http:\/\/kaminskinauka.pl\/index.php\/am\/","name":"Kategoria AM - Nauka Jazdy Krzysztof Kami\u0144ski","isPartOf":{"@id":"https:\/\/kaminskinauka.pl\/#website"},"primaryImageOfPage":{"@id":"http:\/\/kaminskinauka.pl\/index.php\/am\/#primaryimage"},"image":{"@id":"http:\/\/kaminskinauka.pl\/index.php\/am\/#primaryimage"},"thumbnailUrl":"http:\/\/kaminskinauka.pl\/wp-content\/uploads\/2023\/12\/cta-car.png","datePublished":"2025-07-03T12:42:51+00:00","dateModified":"2025-09-23T17:11:43+00:00","description":"kaminski szkola jazdy","breadcrumb":{"@id":"http:\/\/kaminskinauka.pl\/index.php\/am\/#breadcrumb"},"inLanguage":"pl-PL","potentialAction":[{"@type":"ReadAction","target":["http:\/\/kaminskinauka.pl\/index.php\/am\/"]}]},{"@type":"ImageObject","inLanguage":"pl-PL","@id":"http:\/\/kaminskinauka.pl\/index.php\/am\/#primaryimage","url":"http:\/\/kaminskinauka.pl\/wp-content\/uploads\/2023\/12\/cta-car.png","contentUrl":"http:\/\/kaminskinauka.pl\/wp-content\/uploads\/2023\/12\/cta-car.png"},{"@type":"BreadcrumbList","@id":"http:\/\/kaminskinauka.pl\/index.php\/am\/#breadcrumb","itemListElement":[{"@type":"ListItem","position":1,"name":"Strona g\u0142\u00f3wna","item":"https:\/\/kaminskinauka.pl\/"},{"@type":"ListItem","position":2,"name":"Kategoria AM"}]},{"@type":"WebSite","@id":"https:\/\/kaminskinauka.pl\/#website","url":"https:\/\/kaminskinauka.pl\/","name":"Nauka Jazdy Krzysztof Kami\u0144ski","description":"Szko\u0142a Jazdy Krzysztof Kami\u0144ski","publisher":{"@id":"https:\/\/kaminskinauka.pl\/#organization"},"alternateName":"Prawo Jazdy Strzegom","potentialAction":[{"@type":"SearchAction","target":{"@type":"EntryPoint","urlTemplate":"https:\/\/kaminskinauka.pl\/?s={search_term_string}"},"query-input":{"@type":"PropertyValueSpecification","valueRequired":true,"valueName":"search_term_string"}}],"inLanguage":"pl-PL"},{"@type":"Organization","@id":"https:\/\/kaminskinauka.pl\/#organization","name":"Szko\u0142a Jazdy Krzysztof Kami\u0144ski","url":"https:\/\/kaminskinauka.pl\/","logo":{"@type":"ImageObject","inLanguage":"pl-PL","@id":"https:\/\/kaminskinauka.pl\/#\/schema\/logo\/image\/","url":"https:\/\/kaminskinauka.pl\/wp-content\/uploads\/2025\/06\/cropped-cropped-KKSNJ.jpg","contentUrl":"https:\/\/kaminskinauka.pl\/wp-content\/uploads\/2025\/06\/cropped-cropped-KKSNJ.jpg","width":512,"height":512,"caption":"Szko\u0142a Jazdy Krzysztof Kami\u0144ski"},"image":{"@id":"https:\/\/kaminskinauka.pl\/#\/schema\/logo\/image\/"},"sameAs":["https:\/\/www.facebook.com\/OSKKaminski\/"]}]}},"_links":{"self":[{"href":"https:\/\/kaminskinauka.pl\/index.php\/wp-json\/wp\/v2\/pages\/2365","targetHints":{"allow":["GET"]}}],"collection":[{"href":"https:\/\/kaminskinauka.pl\/index.php\/wp-json\/wp\/v2\/pages"}],"about":[{"href":"https:\/\/kaminskinauka.pl\/index.php\/wp-json\/wp\/v2\/types\/page"}],"author":[{"embeddable":true,"href":"https:\/\/kaminskinauka.pl\/index.php\/wp-json\/wp\/v2\/users\/1"}],"replies":[{"embeddable":true,"href":"https:\/\/kaminskinauka.pl\/index.php\/wp-json\/wp\/v2\/comments?post=2365"}],"version-history":[{"count":18,"href":"https:\/\/kaminskinauka.pl\/index.php\/wp-json\/wp\/v2\/pages\/2365\/revisions"}],"predecessor-version":[{"id":2401,"href":"https:\/\/kaminskinauka.pl\/index.php\/wp-json\/wp\/v2\/pages\/2365\/revisions\/2401"}],"wp:attachment":[{"href":"https:\/\/kaminskinauka.pl\/index.php\/wp-json\/wp\/v2\/media?parent=2365"}],"curies":[{"name":"wp","href":"https:\/\/api.w.org\/{rel}","templated":true}]}}