{"id":2393,"date":"2025-07-03T19:24:42","date_gmt":"2025-07-03T17:24:42","guid":{"rendered":"https:\/\/kaminskinauka.pl\/?page_id=2393"},"modified":"2025-09-23T18:33:24","modified_gmt":"2025-09-23T16:33:24","slug":"a1","status":"publish","type":"page","link":"https:\/\/kaminskinauka.pl\/index.php\/a1\/","title":{"rendered":"Kategoria A1"},"content":{"rendered":"\t\t<div data-elementor-type=\"wp-page\" data-elementor-id=\"2393\" class=\"elementor elementor-2393\">\n\t\t\t\t<div class=\"elementor-element elementor-element-e36c090 service-details e-flex e-con-boxed e-con e-parent\" data-id=\"e36c090\" data-element_type=\"container\" data-e-type=\"container\">\n\t\t\t\t\t<div class=\"e-con-inner\">\n\t\t<div class=\"elementor-element elementor-element-ef88cfb e-con-full e-flex e-con e-child\" data-id=\"ef88cfb\" data-element_type=\"container\" data-e-type=\"container\">\n\t\t\t\t<div class=\"elementor-element elementor-element-fa58184 elementor-widget elementor-widget-sidebar-nav\" data-id=\"fa58184\" data-element_type=\"widget\" data-e-type=\"widget\" data-widget_type=\"sidebar-nav.default\">\n\t\t\t\t<div class=\"elementor-widget-container\">\n\t\t\t\t\t    <div class=\"service-sidebar__single  wow fadeInUp\" data-wow-delay='500ms'>\r\n        <h3 class=\"service-sidebar__title background-black-2\">KATEGORIE<\/h3>                    <div class=\"menu-service-menu-container\"><ul id=\"menu-service-menu\" class=\"list-unstyled service-sidebar__nav ml-0\"><li id=\"menu-item-2392\" class=\"menu-item menu-item-type-post_type menu-item-object-page menu-item-2392\"><a href=\"https:\/\/kaminskinauka.pl\/index.php\/am\/\">Kategoria AM<\/a><\/li>\n<li id=\"menu-item-2402\" class=\"menu-item menu-item-type-post_type menu-item-object-page menu-item-2402\"><a href=\"https:\/\/kaminskinauka.pl\/index.php\/a1\/\">Kategoria A1<\/a><\/li>\n<li id=\"menu-item-2474\" class=\"menu-item menu-item-type-post_type menu-item-object-page menu-item-2474\"><a href=\"https:\/\/kaminskinauka.pl\/index.php\/a2\/\">Kategoria A2<\/a><\/li>\n<li id=\"menu-item-2475\" class=\"menu-item menu-item-type-post_type menu-item-object-page menu-item-2475\"><a href=\"https:\/\/kaminskinauka.pl\/index.php\/b\/\">Kategoria B<\/a><\/li>\n<li id=\"menu-item-2494\" class=\"menu-item menu-item-type-post_type menu-item-object-page menu-item-2494\"><a href=\"https:\/\/kaminskinauka.pl\/index.php\/be\/\">Kategoria B + E<\/a><\/li>\n<li id=\"menu-item-2545\" class=\"menu-item menu-item-type-post_type menu-item-object-page menu-item-2545\"><a href=\"https:\/\/kaminskinauka.pl\/index.php\/c\/\">Kategoria C<\/a><\/li>\n<li id=\"menu-item-2522\" class=\"menu-item menu-item-type-post_type menu-item-object-page menu-item-2522\"><a href=\"https:\/\/kaminskinauka.pl\/index.php\/ce\/\">Kategoria C + E<\/a><\/li>\n<li id=\"menu-item-2523\" class=\"menu-item menu-item-type-post_type menu-item-object-page menu-item-2523\"><a href=\"https:\/\/kaminskinauka.pl\/index.php\/t\/\">Kategoria T<\/a><\/li>\n<li id=\"menu-item-2630\" class=\"menu-item menu-item-type-post_type menu-item-object-page menu-item-2630\"><a href=\"https:\/\/kaminskinauka.pl\/index.php\/learn\/\">Szkolenia Okresowe<\/a><\/li>\n<li id=\"menu-item-2631\" class=\"menu-item menu-item-type-post_type menu-item-object-page menu-item-2631\"><a href=\"https:\/\/kaminskinauka.pl\/index.php\/kwalifikacja\/\">Kwalifikacja wst\u0119pna<\/a><\/li>\n<li id=\"menu-item-2632\" class=\"menu-item menu-item-type-post_type menu-item-object-page menu-item-2632\"><a href=\"https:\/\/kaminskinauka.pl\/index.php\/kwalifikacjap\/\">Kwalifikacja wst\u0119pna przy\u015bpieszona<\/a><\/li>\n<\/ul><\/div>            <\/div><!-- \/.service-sidebar__single -->\r\n\t\t\t\t<\/div>\n\t\t\t\t<\/div>\n\t\t\t\t<div class=\"elementor-element elementor-element-110d9e6 elementor-widget elementor-widget-drivschol-call-to-action\" data-id=\"110d9e6\" data-element_type=\"widget\" data-e-type=\"widget\" data-widget_type=\"drivschol-call-to-action.default\">\n\t\t\t\t<div class=\"elementor-widget-container\">\n\t\t\t\t\t    <!-- Call To Action Two Start -->\r\n    <section class=\"cta-one\">\r\n        <div class=\"cta-one__wrapper\">\r\n            <div class=\"container\">\r\n                <div class=\"row align-items-center\">\r\n                    <div class=\"col-md-7\">\r\n                        <div class=\"cta-one__content wow fadeInUp\" data-wow-delay='200ms'>\r\n                            <h3 class=\"cta-one__title\">Zarezerwuj sw\u00f3j kurs jeszcze dzisiaj<\/h3>                            <a href=\"https:\/\/kaminskinauka.pl\/index.php\/contact\/\"  class=\"drivschol-btn\">\r\n                                <span>Kontakt<\/span>\r\n                            <\/a>\r\n                        <\/div>\r\n                    <\/div>\r\n                    <div class=\"col-md-5\">\r\n                        <div class=\"cta-one__thumb\">\r\n                            <div class=\"cta-one__thumb__one wow fadeInUp\" data-wow-delay=\"300ms\">\r\n                                <div class=\"cta-one__thumb__one__thumb\">\r\n                                    <img decoding=\"async\" src=\"https:\/\/kaminskinauka.pl\/wp-content\/uploads\/2023\/12\/cta-car.png\" alt=\"cta-car\" title=\"cta-car\" >                                <\/div>\r\n                            <\/div><!-- \/.cta-thumb-one -->\r\n                        <\/div>\r\n                    <\/div>\r\n                <\/div>\r\n            <\/div><!-- \/.container -->\r\n            <div class=\"cta-one__element\">\r\n                <img decoding=\"async\" src=\"https:\/\/kaminskinauka.pl\/wp-content\/uploads\/2023\/12\/cta-bg-1-1-1.png\" alt=\"cta-bg-1-1\" title=\"cta-bg-1-1\" >            <\/div><!-- \/.cta-one__element -->\r\n        <\/div>\r\n    <\/section><!-- \/.cta-one -->\r\n    <!-- Call To Action Two End -->\r\n\t\t\t\t<\/div>\n\t\t\t\t<\/div>\n\t\t\t\t<\/div>\n\t\t<div class=\"elementor-element elementor-element-2ea42c4 e-con-full service-details__content e-flex e-con e-child\" data-id=\"2ea42c4\" data-element_type=\"container\" data-e-type=\"container\">\n\t\t\t\t<div class=\"elementor-element elementor-element-61a9e79 elementor-widget elementor-widget-image\" data-id=\"61a9e79\" data-element_type=\"widget\" data-e-type=\"widget\" data-widget_type=\"image.default\">\n\t\t\t\t<div class=\"elementor-widget-container\">\n\t\t\t\t\t\t\t\t\t\t\t\t\t\t\t<img fetchpriority=\"high\" decoding=\"async\" width=\"1024\" height=\"1536\" src=\"http:\/\/kaminskinauka.pl\/wp-content\/uploads\/2025\/07\/ChatGPT-Image-3-lip-2025-15_12_58.png\" class=\"attachment-full size-full wp-image-2379\" alt=\"\" srcset=\"http:\/\/kaminskinauka.pl\/wp-content\/uploads\/2025\/07\/ChatGPT-Image-3-lip-2025-15_12_58.png 1024w, http:\/\/kaminskinauka.pl\/wp-content\/uploads\/2025\/07\/ChatGPT-Image-3-lip-2025-15_12_58-200x300.png 200w, http:\/\/kaminskinauka.pl\/wp-content\/uploads\/2025\/07\/ChatGPT-Image-3-lip-2025-15_12_58-683x1024.png 683w, http:\/\/kaminskinauka.pl\/wp-content\/uploads\/2025\/07\/ChatGPT-Image-3-lip-2025-15_12_58-768x1152.png 768w, http:\/\/kaminskinauka.pl\/wp-content\/uploads\/2025\/07\/ChatGPT-Image-3-lip-2025-15_12_58-570x855.png 570w\" sizes=\"(max-width: 1024px) 100vw, 1024px\" \/>\t\t\t\t\t\t\t\t\t\t\t\t\t\t\t<\/div>\n\t\t\t\t<\/div>\n\t\t\t\t<div class=\"elementor-element elementor-element-28fec18 elementor-widget elementor-widget-image\" data-id=\"28fec18\" data-element_type=\"widget\" data-e-type=\"widget\" data-widget_type=\"image.default\">\n\t\t\t\t<div class=\"elementor-widget-container\">\n\t\t\t\t\t\t\t\t\t\t\t\t\t\t\t<img decoding=\"async\" width=\"1024\" height=\"1536\" src=\"http:\/\/kaminskinauka.pl\/wp-content\/uploads\/2025\/07\/ChatGPT-Image-3-lip-2025-18_46_01.png\" class=\"attachment-full size-full wp-image-2395\" alt=\"\" srcset=\"http:\/\/kaminskinauka.pl\/wp-content\/uploads\/2025\/07\/ChatGPT-Image-3-lip-2025-18_46_01.png 1024w, http:\/\/kaminskinauka.pl\/wp-content\/uploads\/2025\/07\/ChatGPT-Image-3-lip-2025-18_46_01-200x300.png 200w, http:\/\/kaminskinauka.pl\/wp-content\/uploads\/2025\/07\/ChatGPT-Image-3-lip-2025-18_46_01-683x1024.png 683w, http:\/\/kaminskinauka.pl\/wp-content\/uploads\/2025\/07\/ChatGPT-Image-3-lip-2025-18_46_01-768x1152.png 768w, http:\/\/kaminskinauka.pl\/wp-content\/uploads\/2025\/07\/ChatGPT-Image-3-lip-2025-18_46_01-570x855.png 570w\" sizes=\"(max-width: 1024px) 100vw, 1024px\" \/>\t\t\t\t\t\t\t\t\t\t\t\t\t\t\t<\/div>\n\t\t\t\t<\/div>\n\t\t\t\t<div class=\"elementor-element elementor-element-f0b20fe elementor-widget elementor-widget-heading\" data-id=\"f0b20fe\" data-element_type=\"widget\" data-e-type=\"widget\" data-widget_type=\"heading.default\">\n\t\t\t\t<div class=\"elementor-widget-container\">\n\t\t\t\t\t<h3 class=\"elementor-heading-title elementor-size-default\">PRAWO JAZDY KATEGORII A1<\/h3>\t\t\t\t<\/div>\n\t\t\t\t<\/div>\n\t\t\t\t<div class=\"elementor-element elementor-element-dc763b5 elementor-widget elementor-widget-text-editor\" data-id=\"dc763b5\" data-element_type=\"widget\" data-e-type=\"widget\" data-widget_type=\"text-editor.default\">\n\t\t\t\t<div class=\"elementor-widget-container\">\n\t\t\t\t\t\t\t\t\t<div class=\"WaaZC\"><div class=\"rPeykc\" data-hveid=\"CCEQAQ\" data-ved=\"2ahUKEwjY5rGd2qCOAxW0FBAIHcA6IhAQo_EKegQIIRAB\"><p style=\"text-align: center;\" data-start=\"0\" data-end=\"153\">Prawo jazdy <strong data-start=\"12\" data-end=\"28\">kategorii A1<\/strong> pozwala na kierowanie lekkimi motocyklami od <strong data-start=\"74\" data-end=\"92\">16. roku \u017cycia<\/strong>. Jest to krok po\u015bredni mi\u0119dzy kategori\u0105 AM a kategori\u0105 A2\/A.<\/p><hr data-start=\"155\" data-end=\"158\" \/><h3 style=\"text-align: center;\" data-start=\"160\" data-end=\"193\">\u2705 <strong data-start=\"166\" data-end=\"193\">Co daje prawo jazdy A1?<\/strong><\/h3><p style=\"text-align: center;\" data-start=\"195\" data-end=\"218\">Uprawnia do kierowania:<\/p><p style=\"text-align: center;\" data-start=\"220\" data-end=\"239\">\ud83d\udfe2 <strong data-start=\"223\" data-end=\"238\">Motocyklami<\/strong>:<\/p><ul style=\"text-align: center;\" data-start=\"240\" data-end=\"344\"><li data-start=\"240\" data-end=\"274\"><p data-start=\"242\" data-end=\"274\">pojemno\u015b\u0107 silnika do <strong data-start=\"263\" data-end=\"274\">125 cm\u00b3<\/strong><\/p><\/li><li data-start=\"275\" data-end=\"304\"><p data-start=\"277\" data-end=\"304\">moc maks. <strong data-start=\"287\" data-end=\"304\">11 kW (15 KM)<\/strong><\/p><\/li><li data-start=\"305\" data-end=\"344\"><p data-start=\"307\" data-end=\"344\">stosunek mocy do masy \u2264 <strong data-start=\"331\" data-end=\"344\">0,1 kW\/kg<\/strong><\/p><\/li><\/ul><p style=\"text-align: center;\" data-start=\"346\" data-end=\"386\">\ud83d\udfe2 <strong data-start=\"349\" data-end=\"366\">Tr\u00f3jko\u0142owcami<\/strong> o mocy do <strong data-start=\"377\" data-end=\"386\">15 kW<\/strong><\/p><p style=\"text-align: center;\" data-start=\"388\" data-end=\"476\">\ud83d\udfe2 <strong data-start=\"391\" data-end=\"417\">Pojazdami kategorii AM<\/strong> (czyli m.in. motorowery, skutery do 45 km\/h, lekkie quady)<\/p><hr data-start=\"478\" data-end=\"481\" \/><h3 style=\"text-align: center;\" data-start=\"483\" data-end=\"510\">\ud83d\udcc5 <strong data-start=\"490\" data-end=\"510\">Wiek i wymagania<\/strong><\/h3><div class=\"_tableContainer_80l1q_1\" style=\"text-align: center;\"><div class=\"_tableWrapper_80l1q_14 group flex w-fit flex-col-reverse\" tabindex=\"-1\"><table class=\"w-fit min-w-(--thread-content-width)\" data-start=\"512\" data-end=\"798\"><thead data-start=\"512\" data-end=\"537\"><tr data-start=\"512\" data-end=\"537\"><th data-start=\"512\" data-end=\"524\" data-col-size=\"sm\">Wymaganie<\/th><th data-start=\"524\" data-end=\"537\" data-col-size=\"sm\">Szczeg\u00f3\u0142y<\/th><\/tr><\/thead><tbody data-start=\"563\" data-end=\"798\"><tr data-start=\"563\" data-end=\"598\"><td data-start=\"563\" data-end=\"584\" data-col-size=\"sm\"><strong data-start=\"565\" data-end=\"583\">Minimalny wiek<\/strong><\/td><td data-start=\"584\" data-end=\"598\" data-col-size=\"sm\"><strong data-start=\"586\" data-end=\"596\">16 lat<\/strong><\/td><\/tr><tr data-start=\"599\" data-end=\"665\"><td data-start=\"599\" data-end=\"622\" data-col-size=\"sm\">Kurs mo\u017cna rozpocz\u0105\u0107<\/td><td data-start=\"622\" data-end=\"665\" data-col-size=\"sm\"><strong data-start=\"624\" data-end=\"663\">3 miesi\u0105ce przed uko\u0144czeniem 16 lat<\/strong><\/td><\/tr><tr data-start=\"666\" data-end=\"725\"><td data-start=\"666\" data-end=\"695\" data-col-size=\"sm\"><strong data-start=\"668\" data-end=\"694\">Zgoda rodzica\/opiekuna<\/strong><\/td><td data-start=\"695\" data-end=\"725\" data-col-size=\"sm\">obowi\u0105zkowa poni\u017cej 18 lat<\/td><\/tr><tr data-start=\"726\" data-end=\"798\"><td data-start=\"726\" data-end=\"767\" data-col-size=\"sm\"><strong data-start=\"728\" data-end=\"766\">Profil Kandydata na Kierowc\u0119 (PKK)<\/strong><\/td><td data-start=\"767\" data-end=\"798\" data-col-size=\"sm\">wymagany (lekarz + zdj\u0119cie)<\/td><\/tr><\/tbody><\/table><div class=\"sticky end-(--thread-content-margin) h-0 self-end select-none\"><div class=\"absolute end-0 flex items-end\">\u00a0<\/div><\/div><\/div><\/div><hr data-start=\"800\" data-end=\"803\" \/><h3 style=\"text-align: center;\" data-start=\"805\" data-end=\"835\">\ud83c\udf93 <strong data-start=\"812\" data-end=\"835\">Szkolenie i egzamin<\/strong><\/h3><p style=\"text-align: center;\" data-start=\"837\" data-end=\"882\"><strong data-start=\"837\" data-end=\"882\">Kurs w OSK (O\u015brodek Szkolenia Kierowc\u00f3w):<\/strong><\/p><ul style=\"text-align: center;\" data-start=\"883\" data-end=\"937\"><li data-start=\"883\" data-end=\"905\"><p data-start=\"885\" data-end=\"905\"><strong data-start=\"885\" data-end=\"905\">30 godzin teorii<\/strong><\/p><\/li><li data-start=\"906\" data-end=\"937\"><p data-start=\"908\" data-end=\"937\"><strong data-start=\"908\" data-end=\"926\">20 godzin jazd<\/strong> (praktyki)<\/p><\/li><\/ul><p style=\"text-align: center;\" data-start=\"939\" data-end=\"968\"><strong data-start=\"939\" data-end=\"968\">Egzamin pa\u0144stwowy w WORD:<\/strong><\/p><ul data-start=\"969\" data-end=\"1153\"><li style=\"text-align: center;\" data-start=\"969\" data-end=\"1018\"><p data-start=\"971\" data-end=\"1018\"><strong data-start=\"971\" data-end=\"981\">Teoria<\/strong>: 32 pytania, zaliczenie od 68\/74 pkt<\/p><\/li><li data-start=\"1019\" data-end=\"1153\"><p style=\"text-align: center;\" data-start=\"1021\" data-end=\"1034\"><strong data-start=\"1021\" data-end=\"1033\">Praktyka<\/strong>:<\/p><ul data-start=\"1037\" data-end=\"1153\"><li style=\"text-align: center;\" data-start=\"1037\" data-end=\"1110\"><p data-start=\"1039\" data-end=\"1110\">plac manewrowy (slalom, \u00f3semka, awaryjne hamowanie, ruszanie pod g\u00f3r\u0119),<\/p><\/li><li data-start=\"1113\" data-end=\"1153\"><p style=\"text-align: center;\" data-start=\"1115\" data-end=\"1153\">jazda w ruchu drogowym (min. 25 minut)<\/p><\/li><\/ul><\/li><\/ul><\/div><\/div>\t\t\t\t\t\t\t\t<\/div>\n\t\t\t\t<\/div>\n\t\t\t\t<div class=\"elementor-element elementor-element-2c203f9 elementor-widget elementor-widget-image\" data-id=\"2c203f9\" data-element_type=\"widget\" data-e-type=\"widget\" data-widget_type=\"image.default\">\n\t\t\t\t<div class=\"elementor-widget-container\">\n\t\t\t\t\t\t\t\t\t\t\t\t\t\t\t<img decoding=\"async\" width=\"1024\" height=\"1024\" src=\"http:\/\/kaminskinauka.pl\/wp-content\/uploads\/2025\/07\/ChatGPT-Image-3-lip-2025-14_51_38.png\" class=\"attachment-full size-full wp-image-2367\" alt=\"\" srcset=\"http:\/\/kaminskinauka.pl\/wp-content\/uploads\/2025\/07\/ChatGPT-Image-3-lip-2025-14_51_38.png 1024w, http:\/\/kaminskinauka.pl\/wp-content\/uploads\/2025\/07\/ChatGPT-Image-3-lip-2025-14_51_38-300x300.png 300w, http:\/\/kaminskinauka.pl\/wp-content\/uploads\/2025\/07\/ChatGPT-Image-3-lip-2025-14_51_38-150x150.png 150w, http:\/\/kaminskinauka.pl\/wp-content\/uploads\/2025\/07\/ChatGPT-Image-3-lip-2025-14_51_38-768x768.png 768w, http:\/\/kaminskinauka.pl\/wp-content\/uploads\/2025\/07\/ChatGPT-Image-3-lip-2025-14_51_38-70x70.png 70w, http:\/\/kaminskinauka.pl\/wp-content\/uploads\/2025\/07\/ChatGPT-Image-3-lip-2025-14_51_38-270x270.png 270w, http:\/\/kaminskinauka.pl\/wp-content\/uploads\/2025\/07\/ChatGPT-Image-3-lip-2025-14_51_38-570x570.png 570w, http:\/\/kaminskinauka.pl\/wp-content\/uploads\/2025\/07\/ChatGPT-Image-3-lip-2025-14_51_38-100x100.png 100w, http:\/\/kaminskinauka.pl\/wp-content\/uploads\/2025\/07\/ChatGPT-Image-3-lip-2025-14_51_38-460x460.png 460w\" sizes=\"(max-width: 1024px) 100vw, 1024px\" \/>\t\t\t\t\t\t\t\t\t\t\t\t\t\t\t<\/div>\n\t\t\t\t<\/div>\n\t\t<div class=\"elementor-element elementor-element-9516e27 e-con-full e-flex e-con e-child\" data-id=\"9516e27\" data-element_type=\"container\" data-e-type=\"container\">\n\t\t\t\t<\/div>\n\t\t\t\t<\/div>\n\t\t\t\t\t<\/div>\n\t\t\t\t<\/div>\n\t\t\t\t<\/div>\n\t\t","protected":false},"excerpt":{"rendered":"<p>KATEGORIE Kategoria AM Kategoria A1 Kategoria A2 Kategoria B Kategoria B + E Kategoria C Zarezerwuj sw\u00f3j kurs jeszcze dzisiaj Kontakt PRAWO JAZDY KATEGORII AM Prawo jazdy kategorii AM\u00a0uprawnia do kierowania motorowerem i lekkim czteroko\u0142owcem.\u00a0Oznacza to, \u017ce posiadacz tej kategorii mo\u017ce prowadzi\u0107 pojazdy, kt\u00f3re charakteryzuj\u0105 si\u0119 okre\u015blon\u0105 specyfikacj\u0105 techniczn\u0105 (np. pojemno\u015b\u0107 silnika spalinowego do 50 [&hellip;]<\/p>\n","protected":false},"author":1,"featured_media":0,"parent":0,"menu_order":0,"comment_status":"closed","ping_status":"closed","template":"elementor_header_footer","meta":{"footnotes":""},"class_list":["post-2393","page","type-page","status-publish","hentry"],"yoast_head":"<!-- This site is optimized with the Yoast SEO plugin v27.4 - https:\/\/yoast.com\/product\/yoast-seo-wordpress\/ -->\n<title>Kategoria A1 - Nauka Jazdy Krzysztof Kami\u0144ski<\/title>\n<meta name=\"description\" content=\"Kategoria A1 Strzegom Kami\u0144ski\" \/>\n<meta name=\"robots\" content=\"index, follow, max-snippet:-1, max-image-preview:large, max-video-preview:-1\" \/>\n<link rel=\"canonical\" href=\"http:\/\/kaminskinauka.pl\/index.php\/a1\/\" \/>\n<meta property=\"og:locale\" content=\"pl_PL\" \/>\n<meta property=\"og:type\" content=\"article\" \/>\n<meta property=\"og:title\" content=\"Kategoria A1 - Nauka Jazdy Krzysztof Kami\u0144ski\" \/>\n<meta property=\"og:description\" content=\"Kategoria A1 Strzegom Kami\u0144ski\" \/>\n<meta property=\"og:url\" content=\"http:\/\/kaminskinauka.pl\/index.php\/a1\/\" \/>\n<meta property=\"og:site_name\" content=\"Nauka Jazdy Krzysztof Kami\u0144ski\" \/>\n<meta property=\"article:publisher\" content=\"https:\/\/www.facebook.com\/OSKKaminski\/\" \/>\n<meta property=\"article:modified_time\" content=\"2025-09-23T16:33:24+00:00\" \/>\n<meta property=\"og:image\" content=\"http:\/\/kaminskinauka.pl\/wp-content\/uploads\/2023\/12\/cta-car.png\" \/>\n<meta name=\"twitter:card\" content=\"summary_large_image\" \/>\n<meta name=\"twitter:label1\" content=\"Szacowany czas czytania\" \/>\n\t<meta name=\"twitter:data1\" content=\"3 minuty\" \/>\n<script type=\"application\/ld+json\" class=\"yoast-schema-graph\">{\"@context\":\"https:\\\/\\\/schema.org\",\"@graph\":[{\"@type\":\"WebPage\",\"@id\":\"http:\\\/\\\/kaminskinauka.pl\\\/index.php\\\/a1\\\/\",\"url\":\"http:\\\/\\\/kaminskinauka.pl\\\/index.php\\\/a1\\\/\",\"name\":\"Kategoria A1 - Nauka Jazdy Krzysztof Kami\u0144ski\",\"isPartOf\":{\"@id\":\"https:\\\/\\\/kaminskinauka.pl\\\/#website\"},\"primaryImageOfPage\":{\"@id\":\"http:\\\/\\\/kaminskinauka.pl\\\/index.php\\\/a1\\\/#primaryimage\"},\"image\":{\"@id\":\"http:\\\/\\\/kaminskinauka.pl\\\/index.php\\\/a1\\\/#primaryimage\"},\"thumbnailUrl\":\"http:\\\/\\\/kaminskinauka.pl\\\/wp-content\\\/uploads\\\/2023\\\/12\\\/cta-car.png\",\"datePublished\":\"2025-07-03T17:24:42+00:00\",\"dateModified\":\"2025-09-23T16:33:24+00:00\",\"description\":\"Kategoria A1 Strzegom Kami\u0144ski\",\"breadcrumb\":{\"@id\":\"http:\\\/\\\/kaminskinauka.pl\\\/index.php\\\/a1\\\/#breadcrumb\"},\"inLanguage\":\"pl-PL\",\"potentialAction\":[{\"@type\":\"ReadAction\",\"target\":[\"http:\\\/\\\/kaminskinauka.pl\\\/index.php\\\/a1\\\/\"]}]},{\"@type\":\"ImageObject\",\"inLanguage\":\"pl-PL\",\"@id\":\"http:\\\/\\\/kaminskinauka.pl\\\/index.php\\\/a1\\\/#primaryimage\",\"url\":\"http:\\\/\\\/kaminskinauka.pl\\\/wp-content\\\/uploads\\\/2023\\\/12\\\/cta-car.png\",\"contentUrl\":\"http:\\\/\\\/kaminskinauka.pl\\\/wp-content\\\/uploads\\\/2023\\\/12\\\/cta-car.png\"},{\"@type\":\"BreadcrumbList\",\"@id\":\"http:\\\/\\\/kaminskinauka.pl\\\/index.php\\\/a1\\\/#breadcrumb\",\"itemListElement\":[{\"@type\":\"ListItem\",\"position\":1,\"name\":\"Strona g\u0142\u00f3wna\",\"item\":\"https:\\\/\\\/kaminskinauka.pl\\\/\"},{\"@type\":\"ListItem\",\"position\":2,\"name\":\"Kategoria A1\"}]},{\"@type\":\"WebSite\",\"@id\":\"https:\\\/\\\/kaminskinauka.pl\\\/#website\",\"url\":\"https:\\\/\\\/kaminskinauka.pl\\\/\",\"name\":\"Nauka Jazdy Krzysztof Kami\u0144ski\",\"description\":\"Szko\u0142a Jazdy Krzysztof Kami\u0144ski\",\"publisher\":{\"@id\":\"https:\\\/\\\/kaminskinauka.pl\\\/#organization\"},\"alternateName\":\"Prawo Jazdy Strzegom\",\"potentialAction\":[{\"@type\":\"SearchAction\",\"target\":{\"@type\":\"EntryPoint\",\"urlTemplate\":\"https:\\\/\\\/kaminskinauka.pl\\\/?s={search_term_string}\"},\"query-input\":{\"@type\":\"PropertyValueSpecification\",\"valueRequired\":true,\"valueName\":\"search_term_string\"}}],\"inLanguage\":\"pl-PL\"},{\"@type\":\"Organization\",\"@id\":\"https:\\\/\\\/kaminskinauka.pl\\\/#organization\",\"name\":\"Szko\u0142a Jazdy Krzysztof Kami\u0144ski\",\"url\":\"https:\\\/\\\/kaminskinauka.pl\\\/\",\"logo\":{\"@type\":\"ImageObject\",\"inLanguage\":\"pl-PL\",\"@id\":\"https:\\\/\\\/kaminskinauka.pl\\\/#\\\/schema\\\/logo\\\/image\\\/\",\"url\":\"https:\\\/\\\/kaminskinauka.pl\\\/wp-content\\\/uploads\\\/2025\\\/06\\\/cropped-cropped-KKSNJ.jpg\",\"contentUrl\":\"https:\\\/\\\/kaminskinauka.pl\\\/wp-content\\\/uploads\\\/2025\\\/06\\\/cropped-cropped-KKSNJ.jpg\",\"width\":512,\"height\":512,\"caption\":\"Szko\u0142a Jazdy Krzysztof Kami\u0144ski\"},\"image\":{\"@id\":\"https:\\\/\\\/kaminskinauka.pl\\\/#\\\/schema\\\/logo\\\/image\\\/\"},\"sameAs\":[\"https:\\\/\\\/www.facebook.com\\\/OSKKaminski\\\/\"]}]}<\/script>\n<!-- \/ Yoast SEO plugin. -->","yoast_head_json":{"title":"Kategoria A1 - Nauka Jazdy Krzysztof Kami\u0144ski","description":"Kategoria A1 Strzegom Kami\u0144ski","robots":{"index":"index","follow":"follow","max-snippet":"max-snippet:-1","max-image-preview":"max-image-preview:large","max-video-preview":"max-video-preview:-1"},"canonical":"http:\/\/kaminskinauka.pl\/index.php\/a1\/","og_locale":"pl_PL","og_type":"article","og_title":"Kategoria A1 - Nauka Jazdy Krzysztof Kami\u0144ski","og_description":"Kategoria A1 Strzegom Kami\u0144ski","og_url":"http:\/\/kaminskinauka.pl\/index.php\/a1\/","og_site_name":"Nauka Jazdy Krzysztof Kami\u0144ski","article_publisher":"https:\/\/www.facebook.com\/OSKKaminski\/","article_modified_time":"2025-09-23T16:33:24+00:00","og_image":[{"url":"http:\/\/kaminskinauka.pl\/wp-content\/uploads\/2023\/12\/cta-car.png","type":"","width":"","height":""}],"twitter_card":"summary_large_image","twitter_misc":{"Szacowany czas czytania":"3 minuty"},"schema":{"@context":"https:\/\/schema.org","@graph":[{"@type":"WebPage","@id":"http:\/\/kaminskinauka.pl\/index.php\/a1\/","url":"http:\/\/kaminskinauka.pl\/index.php\/a1\/","name":"Kategoria A1 - Nauka Jazdy Krzysztof Kami\u0144ski","isPartOf":{"@id":"https:\/\/kaminskinauka.pl\/#website"},"primaryImageOfPage":{"@id":"http:\/\/kaminskinauka.pl\/index.php\/a1\/#primaryimage"},"image":{"@id":"http:\/\/kaminskinauka.pl\/index.php\/a1\/#primaryimage"},"thumbnailUrl":"http:\/\/kaminskinauka.pl\/wp-content\/uploads\/2023\/12\/cta-car.png","datePublished":"2025-07-03T17:24:42+00:00","dateModified":"2025-09-23T16:33:24+00:00","description":"Kategoria A1 Strzegom Kami\u0144ski","breadcrumb":{"@id":"http:\/\/kaminskinauka.pl\/index.php\/a1\/#breadcrumb"},"inLanguage":"pl-PL","potentialAction":[{"@type":"ReadAction","target":["http:\/\/kaminskinauka.pl\/index.php\/a1\/"]}]},{"@type":"ImageObject","inLanguage":"pl-PL","@id":"http:\/\/kaminskinauka.pl\/index.php\/a1\/#primaryimage","url":"http:\/\/kaminskinauka.pl\/wp-content\/uploads\/2023\/12\/cta-car.png","contentUrl":"http:\/\/kaminskinauka.pl\/wp-content\/uploads\/2023\/12\/cta-car.png"},{"@type":"BreadcrumbList","@id":"http:\/\/kaminskinauka.pl\/index.php\/a1\/#breadcrumb","itemListElement":[{"@type":"ListItem","position":1,"name":"Strona g\u0142\u00f3wna","item":"https:\/\/kaminskinauka.pl\/"},{"@type":"ListItem","position":2,"name":"Kategoria A1"}]},{"@type":"WebSite","@id":"https:\/\/kaminskinauka.pl\/#website","url":"https:\/\/kaminskinauka.pl\/","name":"Nauka Jazdy Krzysztof Kami\u0144ski","description":"Szko\u0142a Jazdy Krzysztof Kami\u0144ski","publisher":{"@id":"https:\/\/kaminskinauka.pl\/#organization"},"alternateName":"Prawo Jazdy Strzegom","potentialAction":[{"@type":"SearchAction","target":{"@type":"EntryPoint","urlTemplate":"https:\/\/kaminskinauka.pl\/?s={search_term_string}"},"query-input":{"@type":"PropertyValueSpecification","valueRequired":true,"valueName":"search_term_string"}}],"inLanguage":"pl-PL"},{"@type":"Organization","@id":"https:\/\/kaminskinauka.pl\/#organization","name":"Szko\u0142a Jazdy Krzysztof Kami\u0144ski","url":"https:\/\/kaminskinauka.pl\/","logo":{"@type":"ImageObject","inLanguage":"pl-PL","@id":"https:\/\/kaminskinauka.pl\/#\/schema\/logo\/image\/","url":"https:\/\/kaminskinauka.pl\/wp-content\/uploads\/2025\/06\/cropped-cropped-KKSNJ.jpg","contentUrl":"https:\/\/kaminskinauka.pl\/wp-content\/uploads\/2025\/06\/cropped-cropped-KKSNJ.jpg","width":512,"height":512,"caption":"Szko\u0142a Jazdy Krzysztof Kami\u0144ski"},"image":{"@id":"https:\/\/kaminskinauka.pl\/#\/schema\/logo\/image\/"},"sameAs":["https:\/\/www.facebook.com\/OSKKaminski\/"]}]}},"_links":{"self":[{"href":"https:\/\/kaminskinauka.pl\/index.php\/wp-json\/wp\/v2\/pages\/2393","targetHints":{"allow":["GET"]}}],"collection":[{"href":"https:\/\/kaminskinauka.pl\/index.php\/wp-json\/wp\/v2\/pages"}],"about":[{"href":"https:\/\/kaminskinauka.pl\/index.php\/wp-json\/wp\/v2\/types\/page"}],"author":[{"embeddable":true,"href":"https:\/\/kaminskinauka.pl\/index.php\/wp-json\/wp\/v2\/users\/1"}],"replies":[{"embeddable":true,"href":"https:\/\/kaminskinauka.pl\/index.php\/wp-json\/wp\/v2\/comments?post=2393"}],"version-history":[{"count":7,"href":"https:\/\/kaminskinauka.pl\/index.php\/wp-json\/wp\/v2\/pages\/2393\/revisions"}],"predecessor-version":[{"id":2406,"href":"https:\/\/kaminskinauka.pl\/index.php\/wp-json\/wp\/v2\/pages\/2393\/revisions\/2406"}],"wp:attachment":[{"href":"https:\/\/kaminskinauka.pl\/index.php\/wp-json\/wp\/v2\/media?parent=2393"}],"curies":[{"name":"wp","href":"https:\/\/api.w.org\/{rel}","templated":true}]}}