{"id":2463,"date":"2025-07-03T20:31:44","date_gmt":"2025-07-03T18:31:44","guid":{"rendered":"https:\/\/kaminskinauka.pl\/?page_id=2463"},"modified":"2025-09-23T19:06:09","modified_gmt":"2025-09-23T17:06:09","slug":"a2","status":"publish","type":"page","link":"https:\/\/kaminskinauka.pl\/index.php\/a2\/","title":{"rendered":"Kategoria A2"},"content":{"rendered":"\t\t<div data-elementor-type=\"wp-page\" data-elementor-id=\"2463\" class=\"elementor elementor-2463\">\n\t\t\t\t<div class=\"elementor-element elementor-element-e36c090 service-details e-flex e-con-boxed e-con e-parent\" data-id=\"e36c090\" data-element_type=\"container\" data-e-type=\"container\">\n\t\t\t\t\t<div class=\"e-con-inner\">\n\t\t<div class=\"elementor-element elementor-element-ef88cfb e-con-full e-flex e-con e-child\" data-id=\"ef88cfb\" data-element_type=\"container\" data-e-type=\"container\">\n\t\t\t\t<div class=\"elementor-element elementor-element-fa58184 elementor-widget elementor-widget-sidebar-nav\" data-id=\"fa58184\" data-element_type=\"widget\" data-e-type=\"widget\" data-widget_type=\"sidebar-nav.default\">\n\t\t\t\t<div class=\"elementor-widget-container\">\n\t\t\t\t\t    <div class=\"service-sidebar__single  wow fadeInUp\" data-wow-delay='500ms'>\r\n        <h3 class=\"service-sidebar__title background-black-2\">KATEGORIE<\/h3>                    <div class=\"menu-service-menu-container\"><ul id=\"menu-service-menu\" class=\"list-unstyled service-sidebar__nav ml-0\"><li id=\"menu-item-2392\" class=\"menu-item menu-item-type-post_type menu-item-object-page menu-item-2392\"><a href=\"https:\/\/kaminskinauka.pl\/index.php\/am\/\">Kategoria AM<\/a><\/li>\n<li id=\"menu-item-2402\" class=\"menu-item menu-item-type-post_type menu-item-object-page menu-item-2402\"><a href=\"https:\/\/kaminskinauka.pl\/index.php\/a1\/\">Kategoria A1<\/a><\/li>\n<li id=\"menu-item-2474\" class=\"menu-item menu-item-type-post_type menu-item-object-page menu-item-2474\"><a href=\"https:\/\/kaminskinauka.pl\/index.php\/a2\/\">Kategoria A2<\/a><\/li>\n<li id=\"menu-item-2475\" class=\"menu-item menu-item-type-post_type menu-item-object-page menu-item-2475\"><a href=\"https:\/\/kaminskinauka.pl\/index.php\/b\/\">Kategoria B<\/a><\/li>\n<li id=\"menu-item-2494\" class=\"menu-item menu-item-type-post_type menu-item-object-page menu-item-2494\"><a href=\"https:\/\/kaminskinauka.pl\/index.php\/be\/\">Kategoria B + E<\/a><\/li>\n<li id=\"menu-item-2545\" class=\"menu-item menu-item-type-post_type menu-item-object-page menu-item-2545\"><a href=\"https:\/\/kaminskinauka.pl\/index.php\/c\/\">Kategoria C<\/a><\/li>\n<li id=\"menu-item-2522\" class=\"menu-item menu-item-type-post_type menu-item-object-page menu-item-2522\"><a href=\"https:\/\/kaminskinauka.pl\/index.php\/ce\/\">Kategoria C + E<\/a><\/li>\n<li id=\"menu-item-2523\" class=\"menu-item menu-item-type-post_type menu-item-object-page menu-item-2523\"><a href=\"https:\/\/kaminskinauka.pl\/index.php\/t\/\">Kategoria T<\/a><\/li>\n<li id=\"menu-item-2630\" class=\"menu-item menu-item-type-post_type menu-item-object-page menu-item-2630\"><a href=\"https:\/\/kaminskinauka.pl\/index.php\/learn\/\">Szkolenia Okresowe<\/a><\/li>\n<li id=\"menu-item-2631\" class=\"menu-item menu-item-type-post_type menu-item-object-page menu-item-2631\"><a href=\"https:\/\/kaminskinauka.pl\/index.php\/kwalifikacja\/\">Kwalifikacja wst\u0119pna<\/a><\/li>\n<li id=\"menu-item-2632\" class=\"menu-item menu-item-type-post_type menu-item-object-page menu-item-2632\"><a href=\"https:\/\/kaminskinauka.pl\/index.php\/kwalifikacjap\/\">Kwalifikacja wst\u0119pna przy\u015bpieszona<\/a><\/li>\n<\/ul><\/div>            <\/div><!-- \/.service-sidebar__single -->\r\n\t\t\t\t<\/div>\n\t\t\t\t<\/div>\n\t\t\t\t<div class=\"elementor-element elementor-element-110d9e6 elementor-widget elementor-widget-drivschol-call-to-action\" data-id=\"110d9e6\" data-element_type=\"widget\" data-e-type=\"widget\" data-widget_type=\"drivschol-call-to-action.default\">\n\t\t\t\t<div class=\"elementor-widget-container\">\n\t\t\t\t\t    <!-- Call To Action Two Start -->\r\n    <section class=\"cta-one\">\r\n        <div class=\"cta-one__wrapper\">\r\n            <div class=\"container\">\r\n                <div class=\"row align-items-center\">\r\n                    <div class=\"col-md-7\">\r\n                        <div class=\"cta-one__content wow fadeInUp\" data-wow-delay='200ms'>\r\n                            <h3 class=\"cta-one__title\">Zarezerwuj sw\u00f3j kurs jeszcze dzisiaj<\/h3>                            <a href=\"https:\/\/kaminskinauka.pl\/index.php\/contact\/\"  class=\"drivschol-btn\">\r\n                                <span>Kontakt<\/span>\r\n                            <\/a>\r\n                        <\/div>\r\n                    <\/div>\r\n                    <div class=\"col-md-5\">\r\n                        <div class=\"cta-one__thumb\">\r\n                            <div class=\"cta-one__thumb__one wow fadeInUp\" data-wow-delay=\"300ms\">\r\n                                <div class=\"cta-one__thumb__one__thumb\">\r\n                                    <img decoding=\"async\" src=\"https:\/\/kaminskinauka.pl\/wp-content\/uploads\/2023\/12\/cta-car.png\" alt=\"cta-car\" title=\"cta-car\" >                                <\/div>\r\n                            <\/div><!-- \/.cta-thumb-one -->\r\n                        <\/div>\r\n                    <\/div>\r\n                <\/div>\r\n            <\/div><!-- \/.container -->\r\n            <div class=\"cta-one__element\">\r\n                <img decoding=\"async\" src=\"https:\/\/kaminskinauka.pl\/wp-content\/uploads\/2023\/12\/cta-bg-1-1-1.png\" alt=\"cta-bg-1-1\" title=\"cta-bg-1-1\" >            <\/div><!-- \/.cta-one__element -->\r\n        <\/div>\r\n    <\/section><!-- \/.cta-one -->\r\n    <!-- Call To Action Two End -->\r\n\t\t\t\t<\/div>\n\t\t\t\t<\/div>\n\t\t\t\t<\/div>\n\t\t<div class=\"elementor-element elementor-element-2ea42c4 e-con-full service-details__content e-flex e-con e-child\" data-id=\"2ea42c4\" data-element_type=\"container\" data-e-type=\"container\">\n\t\t\t\t<div class=\"elementor-element elementor-element-61a9e79 elementor-widget elementor-widget-image\" data-id=\"61a9e79\" data-element_type=\"widget\" data-e-type=\"widget\" data-widget_type=\"image.default\">\n\t\t\t\t<div class=\"elementor-widget-container\">\n\t\t\t\t\t\t\t\t\t\t\t\t\t\t\t<img fetchpriority=\"high\" decoding=\"async\" width=\"1024\" height=\"1024\" src=\"https:\/\/kaminskinauka.pl\/wp-content\/uploads\/2025\/07\/76491195-0949-4237-8253-a3fb08bcc690.png\" class=\"attachment-full size-full wp-image-2283\" alt=\"\" srcset=\"https:\/\/kaminskinauka.pl\/wp-content\/uploads\/2025\/07\/76491195-0949-4237-8253-a3fb08bcc690.png 1024w, https:\/\/kaminskinauka.pl\/wp-content\/uploads\/2025\/07\/76491195-0949-4237-8253-a3fb08bcc690-300x300.png 300w, https:\/\/kaminskinauka.pl\/wp-content\/uploads\/2025\/07\/76491195-0949-4237-8253-a3fb08bcc690-150x150.png 150w, https:\/\/kaminskinauka.pl\/wp-content\/uploads\/2025\/07\/76491195-0949-4237-8253-a3fb08bcc690-768x768.png 768w, https:\/\/kaminskinauka.pl\/wp-content\/uploads\/2025\/07\/76491195-0949-4237-8253-a3fb08bcc690-70x70.png 70w, https:\/\/kaminskinauka.pl\/wp-content\/uploads\/2025\/07\/76491195-0949-4237-8253-a3fb08bcc690-270x270.png 270w, https:\/\/kaminskinauka.pl\/wp-content\/uploads\/2025\/07\/76491195-0949-4237-8253-a3fb08bcc690-570x570.png 570w, https:\/\/kaminskinauka.pl\/wp-content\/uploads\/2025\/07\/76491195-0949-4237-8253-a3fb08bcc690-100x100.png 100w, https:\/\/kaminskinauka.pl\/wp-content\/uploads\/2025\/07\/76491195-0949-4237-8253-a3fb08bcc690-460x460.png 460w\" sizes=\"(max-width: 1024px) 100vw, 1024px\" \/>\t\t\t\t\t\t\t\t\t\t\t\t\t\t\t<\/div>\n\t\t\t\t<\/div>\n\t\t\t\t<div class=\"elementor-element elementor-element-28fec18 elementor-widget elementor-widget-image\" data-id=\"28fec18\" data-element_type=\"widget\" data-e-type=\"widget\" data-widget_type=\"image.default\">\n\t\t\t\t<div class=\"elementor-widget-container\">\n\t\t\t\t\t\t\t\t\t\t\t\t\t\t\t<img decoding=\"async\" width=\"1024\" height=\"1536\" src=\"https:\/\/kaminskinauka.pl\/wp-content\/uploads\/2025\/07\/a21.png\" class=\"attachment-full size-full wp-image-2572\" alt=\"\" srcset=\"https:\/\/kaminskinauka.pl\/wp-content\/uploads\/2025\/07\/a21.png 1024w, https:\/\/kaminskinauka.pl\/wp-content\/uploads\/2025\/07\/a21-200x300.png 200w, https:\/\/kaminskinauka.pl\/wp-content\/uploads\/2025\/07\/a21-683x1024.png 683w, https:\/\/kaminskinauka.pl\/wp-content\/uploads\/2025\/07\/a21-768x1152.png 768w, https:\/\/kaminskinauka.pl\/wp-content\/uploads\/2025\/07\/a21-570x855.png 570w\" sizes=\"(max-width: 1024px) 100vw, 1024px\" \/>\t\t\t\t\t\t\t\t\t\t\t\t\t\t\t<\/div>\n\t\t\t\t<\/div>\n\t\t\t\t<div class=\"elementor-element elementor-element-f0b20fe elementor-widget elementor-widget-heading\" data-id=\"f0b20fe\" data-element_type=\"widget\" data-e-type=\"widget\" data-widget_type=\"heading.default\">\n\t\t\t\t<div class=\"elementor-widget-container\">\n\t\t\t\t\t<h3 class=\"elementor-heading-title elementor-size-default\">PRAWO JAZDY KATEGORII A2<\/h3>\t\t\t\t<\/div>\n\t\t\t\t<\/div>\n\t\t\t\t<div class=\"elementor-element elementor-element-dc763b5 elementor-widget elementor-widget-text-editor\" data-id=\"dc763b5\" data-element_type=\"widget\" data-e-type=\"widget\" data-widget_type=\"text-editor.default\">\n\t\t\t\t<div class=\"elementor-widget-container\">\n\t\t\t\t\t\t\t\t\t<p style=\"text-align: center;\"><strong data-start=\"0\" data-end=\"28\">Prawo jazdy kategorii A2<\/strong> to uprawnienie dla os\u00f3b, kt\u00f3re chc\u0105 prowadzi\u0107 motocykle o \u015bredniej mocy. To cz\u0119sto kolejny krok po kat. AM lub B. Oto szczeg\u00f3\u0142owe informacje:<\/p><h3 style=\"text-align: center;\" data-start=\"99\" data-end=\"150\">\u2705 <strong data-start=\"105\" data-end=\"150\">Co pozwala prowadzi\u0107 prawo jazdy kat. A2?<\/strong><\/h3><ul style=\"text-align: center;\" data-start=\"151\" data-end=\"403\"><li data-start=\"151\" data-end=\"300\"><p data-start=\"153\" data-end=\"300\">Motocykle o mocy <strong data-start=\"170\" data-end=\"192\">do 35 kW (47,6 KM)<\/strong>, o stosunku mocy do masy <strong data-start=\"218\" data-end=\"248\">nie wi\u0119kszym ni\u017c 0,2 kW\/kg<\/strong>, niepochodz\u0105ce od motocykli o mocy powy\u017cej 70 kW.<\/p><\/li><li data-start=\"301\" data-end=\"339\"><p data-start=\"303\" data-end=\"339\">Motocykle <strong data-start=\"313\" data-end=\"336\">tr\u00f3jko\u0142owe do 15 kW<\/strong>.<\/p><\/li><li data-start=\"340\" data-end=\"403\"><p data-start=\"342\" data-end=\"403\">Pojazdy kategorii <strong data-start=\"360\" data-end=\"366\">AM<\/strong> (motorowery i lekkie czteroko\u0142owce).<\/p><\/li><\/ul><hr data-start=\"405\" data-end=\"408\" \/><h3 style=\"text-align: center;\" data-start=\"410\" data-end=\"438\">\ud83d\udcc5 <strong data-start=\"417\" data-end=\"438\">Wymagania wiekowe<\/strong><\/h3><ul style=\"text-align: center;\" data-start=\"439\" data-end=\"586\"><li data-start=\"439\" data-end=\"460\"><p data-start=\"441\" data-end=\"460\">Minimum <strong data-start=\"449\" data-end=\"459\">18 lat<\/strong>.<\/p><\/li><li data-start=\"461\" data-end=\"520\"><p data-start=\"463\" data-end=\"520\">Kurs mo\u017cna rozpocz\u0105\u0107 <strong data-start=\"484\" data-end=\"519\">3 miesi\u0105ce przed 18. urodzinami<\/strong>.<\/p><\/li><li data-start=\"521\" data-end=\"586\"><p data-start=\"523\" data-end=\"586\"><strong data-start=\"523\" data-end=\"549\">Zgoda rodzica\/opiekuna<\/strong> \u2013 wymagana dla os\u00f3b niepe\u0142noletnich.<\/p><\/li><\/ul><hr data-start=\"588\" data-end=\"591\" \/><h3 style=\"text-align: center;\" data-start=\"593\" data-end=\"635\">\ud83e\uddfe <strong data-start=\"600\" data-end=\"635\">Jak zdoby\u0107 prawo jazdy kat. A2?<\/strong><\/h3><ol style=\"text-align: center;\" data-start=\"636\" data-end=\"1010\"><li data-start=\"636\" data-end=\"764\"><p data-start=\"639\" data-end=\"678\"><strong data-start=\"639\" data-end=\"677\">PKK (Profil Kandydata na Kierowc\u0119)<\/strong>:<\/p><ul data-start=\"682\" data-end=\"764\"><li data-start=\"682\" data-end=\"764\"><p data-start=\"684\" data-end=\"764\">zdj\u0119cie, badanie lekarskie, dokument to\u017csamo\u015bci, zgoda rodzic\u00f3w (je\u015bli &lt;18 lat).<\/p><\/li><\/ul><\/li><li data-start=\"765\" data-end=\"869\"><p data-start=\"768\" data-end=\"783\"><strong data-start=\"768\" data-end=\"782\">Kurs w OSK<\/strong>:<\/p><ul data-start=\"787\" data-end=\"869\"><li data-start=\"787\" data-end=\"869\"><p data-start=\"789\" data-end=\"869\">teoria (30h), praktyka (20h) \u2013 <em data-start=\"820\" data-end=\"868\">je\u015bli masz kat. A1: tylko 10h jazd, bez teorii<\/em>.<\/p><\/li><\/ul><\/li><li data-start=\"870\" data-end=\"974\"><p data-start=\"873\" data-end=\"902\"><strong data-start=\"873\" data-end=\"901\">Egzamin pa\u0144stwowy w WORD<\/strong>:<\/p><ul data-start=\"906\" data-end=\"974\"><li data-start=\"906\" data-end=\"974\"><p data-start=\"908\" data-end=\"974\">teoria (je\u015bli nie masz A1 lub B), praktyka (plac i jazda miejska).<\/p><\/li><\/ul><\/li><li data-start=\"975\" data-end=\"1010\"><p data-start=\"978\" data-end=\"1010\"><strong data-start=\"978\" data-end=\"1009\">Op\u0142ata i odbi\u00f3r prawa jazdy<\/strong>.<\/p><\/li><\/ol><hr data-start=\"1012\" data-end=\"1015\" \/><h3 style=\"text-align: center;\" data-start=\"1017\" data-end=\"1047\">\ud83d\udcb0 <strong data-start=\"1024\" data-end=\"1047\">Orientacyjne koszty<\/strong><\/h3><div class=\"_tableContainer_80l1q_1\" style=\"text-align: center;\"><div class=\"_tableWrapper_80l1q_14 group flex w-fit flex-col-reverse\" tabindex=\"-1\"><table class=\"w-fit min-w-(--thread-content-width)\" data-start=\"1048\" data-end=\"1216\"><thead data-start=\"1048\" data-end=\"1064\"><tr data-start=\"1048\" data-end=\"1064\"><th data-start=\"1048\" data-end=\"1055\" data-col-size=\"sm\">Etap<\/th><th data-start=\"1055\" data-end=\"1064\" data-col-size=\"sm\">Koszt<\/th><\/tr><\/thead><tbody data-start=\"1082\" data-end=\"1216\"><tr data-start=\"1082\" data-end=\"1116\"><td data-start=\"1082\" data-end=\"1102\" data-col-size=\"sm\">Badanie lekarskie<\/td><td data-col-size=\"sm\" data-start=\"1102\" data-end=\"1116\">100\u2013200 z\u0142<\/td><\/tr><tr data-start=\"1117\" data-end=\"1148\"><td data-start=\"1117\" data-end=\"1139\" data-col-size=\"sm\">Egzamin teoretyczny<\/td><td data-col-size=\"sm\" data-start=\"1139\" data-end=\"1148\">55\u00a0z\u0142<\/td><\/tr><tr data-start=\"1149\" data-end=\"1180\"><td data-start=\"1149\" data-end=\"1170\" data-col-size=\"sm\">Egzamin praktyczny<\/td><td data-col-size=\"sm\" data-start=\"1170\" data-end=\"1180\">222 z\u0142<\/td><\/tr><tr data-start=\"1181\" data-end=\"1216\"><td data-start=\"1181\" data-end=\"1203\" data-col-size=\"sm\">Wydanie prawa jazdy<\/td><td data-col-size=\"sm\" data-start=\"1203\" data-end=\"1216\">100,50 z\u0142<\/td><\/tr><\/tbody><\/table><div class=\"sticky end-(--thread-content-margin) h-0 self-end select-none\"><div class=\"absolute end-0 flex items-end\">\u00a0<\/div><\/div><\/div><\/div><hr data-start=\"1218\" data-end=\"1221\" \/><h3 style=\"text-align: center;\" data-start=\"1223\" data-end=\"1253\">\ud83d\udd04 <strong data-start=\"1230\" data-end=\"1253\">Przej\u015bcie na kat. A<\/strong><\/h3><ul data-start=\"1254\" data-end=\"1405\"><li data-start=\"1254\" data-end=\"1405\"><p style=\"text-align: center;\" data-start=\"1256\" data-end=\"1405\">Po <strong data-start=\"1259\" data-end=\"1285\">2 latach posiadania A2<\/strong>, mo\u017cesz uzyska\u0107 <strong data-start=\"1302\" data-end=\"1317\">kategori\u0119 A<\/strong> bez osi\u0105gni\u0119cia 24 lat \u2013 wystarczy uko\u0144czy\u0107 <strong data-start=\"1362\" data-end=\"1389\">szkolenie uzupe\u0142niaj\u0105ce<\/strong> (bez egzaminu).<\/p><\/li><\/ul>\t\t\t\t\t\t\t\t<\/div>\n\t\t\t\t<\/div>\n\t\t\t\t<div class=\"elementor-element elementor-element-2c203f9 elementor-widget elementor-widget-image\" data-id=\"2c203f9\" data-element_type=\"widget\" data-e-type=\"widget\" data-widget_type=\"image.default\">\n\t\t\t\t<div class=\"elementor-widget-container\">\n\t\t\t\t\t\t\t\t\t\t\t\t\t\t\t<img decoding=\"async\" width=\"1024\" height=\"1024\" src=\"https:\/\/kaminskinauka.pl\/wp-content\/uploads\/2025\/07\/a2.png\" class=\"attachment-full size-full wp-image-2570\" alt=\"\" srcset=\"https:\/\/kaminskinauka.pl\/wp-content\/uploads\/2025\/07\/a2.png 1024w, https:\/\/kaminskinauka.pl\/wp-content\/uploads\/2025\/07\/a2-300x300.png 300w, https:\/\/kaminskinauka.pl\/wp-content\/uploads\/2025\/07\/a2-150x150.png 150w, https:\/\/kaminskinauka.pl\/wp-content\/uploads\/2025\/07\/a2-768x768.png 768w, https:\/\/kaminskinauka.pl\/wp-content\/uploads\/2025\/07\/a2-70x70.png 70w, https:\/\/kaminskinauka.pl\/wp-content\/uploads\/2025\/07\/a2-270x270.png 270w, https:\/\/kaminskinauka.pl\/wp-content\/uploads\/2025\/07\/a2-570x570.png 570w, https:\/\/kaminskinauka.pl\/wp-content\/uploads\/2025\/07\/a2-100x100.png 100w, https:\/\/kaminskinauka.pl\/wp-content\/uploads\/2025\/07\/a2-460x460.png 460w\" sizes=\"(max-width: 1024px) 100vw, 1024px\" \/>\t\t\t\t\t\t\t\t\t\t\t\t\t\t\t<\/div>\n\t\t\t\t<\/div>\n\t\t<div class=\"elementor-element elementor-element-9516e27 e-con-full e-flex e-con e-child\" data-id=\"9516e27\" data-element_type=\"container\" data-e-type=\"container\">\n\t\t\t\t<\/div>\n\t\t\t\t<\/div>\n\t\t\t\t\t<\/div>\n\t\t\t\t<\/div>\n\t\t\t\t<\/div>\n\t\t","protected":false},"excerpt":{"rendered":"<p>KATEGORIE Kategoria AM Kategoria A1 Kategoria A2 Kategoria B Kategoria B + E Kategoria C Zarezerwuj sw\u00f3j kurs jeszcze dzisiaj Kontakt PRAWO JAZDY KATEGORII AM Prawo jazdy kategorii AM\u00a0uprawnia do kierowania motorowerem i lekkim czteroko\u0142owcem.\u00a0Oznacza to, \u017ce posiadacz tej kategorii mo\u017ce prowadzi\u0107 pojazdy, kt\u00f3re charakteryzuj\u0105 si\u0119 okre\u015blon\u0105 specyfikacj\u0105 techniczn\u0105 (np. pojemno\u015b\u0107 silnika spalinowego do 50 [&hellip;]<\/p>\n","protected":false},"author":1,"featured_media":0,"parent":0,"menu_order":0,"comment_status":"closed","ping_status":"closed","template":"elementor_header_footer","meta":{"footnotes":""},"class_list":["post-2463","page","type-page","status-publish","hentry"],"yoast_head":"<!-- This site is optimized with the Yoast SEO plugin v27.4 - https:\/\/yoast.com\/product\/yoast-seo-wordpress\/ -->\n<title>Kategoria A2 - Nauka Jazdy Krzysztof Kami\u0144ski<\/title>\n<meta name=\"description\" content=\"Kami\u0144ski Prawo Jazdy\" \/>\n<meta name=\"robots\" content=\"index, follow, max-snippet:-1, max-image-preview:large, max-video-preview:-1\" \/>\n<link rel=\"canonical\" href=\"https:\/\/kaminskinauka.pl\/index.php\/a2\/\" \/>\n<meta property=\"og:locale\" content=\"pl_PL\" \/>\n<meta property=\"og:type\" content=\"article\" \/>\n<meta property=\"og:title\" content=\"Kategoria A2 - Nauka Jazdy Krzysztof Kami\u0144ski\" \/>\n<meta property=\"og:description\" content=\"Kami\u0144ski Prawo Jazdy\" \/>\n<meta property=\"og:url\" content=\"https:\/\/kaminskinauka.pl\/index.php\/a2\/\" \/>\n<meta property=\"og:site_name\" content=\"Nauka Jazdy Krzysztof Kami\u0144ski\" \/>\n<meta property=\"article:publisher\" content=\"https:\/\/www.facebook.com\/OSKKaminski\/\" \/>\n<meta property=\"article:modified_time\" content=\"2025-09-23T17:06:09+00:00\" \/>\n<meta property=\"og:image\" content=\"http:\/\/kaminskinauka.pl\/wp-content\/uploads\/2023\/12\/cta-car.png\" \/>\n<meta name=\"twitter:card\" content=\"summary_large_image\" \/>\n<meta name=\"twitter:label1\" content=\"Szacowany czas czytania\" \/>\n\t<meta name=\"twitter:data1\" content=\"3 minuty\" \/>\n<script type=\"application\/ld+json\" class=\"yoast-schema-graph\">{\"@context\":\"https:\\\/\\\/schema.org\",\"@graph\":[{\"@type\":\"WebPage\",\"@id\":\"https:\\\/\\\/kaminskinauka.pl\\\/index.php\\\/a2\\\/\",\"url\":\"https:\\\/\\\/kaminskinauka.pl\\\/index.php\\\/a2\\\/\",\"name\":\"Kategoria A2 - Nauka Jazdy Krzysztof Kami\u0144ski\",\"isPartOf\":{\"@id\":\"https:\\\/\\\/kaminskinauka.pl\\\/#website\"},\"primaryImageOfPage\":{\"@id\":\"https:\\\/\\\/kaminskinauka.pl\\\/index.php\\\/a2\\\/#primaryimage\"},\"image\":{\"@id\":\"https:\\\/\\\/kaminskinauka.pl\\\/index.php\\\/a2\\\/#primaryimage\"},\"thumbnailUrl\":\"http:\\\/\\\/kaminskinauka.pl\\\/wp-content\\\/uploads\\\/2023\\\/12\\\/cta-car.png\",\"datePublished\":\"2025-07-03T18:31:44+00:00\",\"dateModified\":\"2025-09-23T17:06:09+00:00\",\"description\":\"Kami\u0144ski Prawo Jazdy\",\"breadcrumb\":{\"@id\":\"https:\\\/\\\/kaminskinauka.pl\\\/index.php\\\/a2\\\/#breadcrumb\"},\"inLanguage\":\"pl-PL\",\"potentialAction\":[{\"@type\":\"ReadAction\",\"target\":[\"https:\\\/\\\/kaminskinauka.pl\\\/index.php\\\/a2\\\/\"]}]},{\"@type\":\"ImageObject\",\"inLanguage\":\"pl-PL\",\"@id\":\"https:\\\/\\\/kaminskinauka.pl\\\/index.php\\\/a2\\\/#primaryimage\",\"url\":\"http:\\\/\\\/kaminskinauka.pl\\\/wp-content\\\/uploads\\\/2023\\\/12\\\/cta-car.png\",\"contentUrl\":\"http:\\\/\\\/kaminskinauka.pl\\\/wp-content\\\/uploads\\\/2023\\\/12\\\/cta-car.png\"},{\"@type\":\"BreadcrumbList\",\"@id\":\"https:\\\/\\\/kaminskinauka.pl\\\/index.php\\\/a2\\\/#breadcrumb\",\"itemListElement\":[{\"@type\":\"ListItem\",\"position\":1,\"name\":\"Strona g\u0142\u00f3wna\",\"item\":\"https:\\\/\\\/kaminskinauka.pl\\\/\"},{\"@type\":\"ListItem\",\"position\":2,\"name\":\"Kategoria A2\"}]},{\"@type\":\"WebSite\",\"@id\":\"https:\\\/\\\/kaminskinauka.pl\\\/#website\",\"url\":\"https:\\\/\\\/kaminskinauka.pl\\\/\",\"name\":\"Nauka Jazdy Krzysztof Kami\u0144ski\",\"description\":\"Szko\u0142a Jazdy Krzysztof Kami\u0144ski\",\"publisher\":{\"@id\":\"https:\\\/\\\/kaminskinauka.pl\\\/#organization\"},\"alternateName\":\"Prawo Jazdy Strzegom\",\"potentialAction\":[{\"@type\":\"SearchAction\",\"target\":{\"@type\":\"EntryPoint\",\"urlTemplate\":\"https:\\\/\\\/kaminskinauka.pl\\\/?s={search_term_string}\"},\"query-input\":{\"@type\":\"PropertyValueSpecification\",\"valueRequired\":true,\"valueName\":\"search_term_string\"}}],\"inLanguage\":\"pl-PL\"},{\"@type\":\"Organization\",\"@id\":\"https:\\\/\\\/kaminskinauka.pl\\\/#organization\",\"name\":\"Szko\u0142a Jazdy Krzysztof Kami\u0144ski\",\"url\":\"https:\\\/\\\/kaminskinauka.pl\\\/\",\"logo\":{\"@type\":\"ImageObject\",\"inLanguage\":\"pl-PL\",\"@id\":\"https:\\\/\\\/kaminskinauka.pl\\\/#\\\/schema\\\/logo\\\/image\\\/\",\"url\":\"https:\\\/\\\/kaminskinauka.pl\\\/wp-content\\\/uploads\\\/2025\\\/06\\\/cropped-cropped-KKSNJ.jpg\",\"contentUrl\":\"https:\\\/\\\/kaminskinauka.pl\\\/wp-content\\\/uploads\\\/2025\\\/06\\\/cropped-cropped-KKSNJ.jpg\",\"width\":512,\"height\":512,\"caption\":\"Szko\u0142a Jazdy Krzysztof Kami\u0144ski\"},\"image\":{\"@id\":\"https:\\\/\\\/kaminskinauka.pl\\\/#\\\/schema\\\/logo\\\/image\\\/\"},\"sameAs\":[\"https:\\\/\\\/www.facebook.com\\\/OSKKaminski\\\/\"]}]}<\/script>\n<!-- \/ Yoast SEO plugin. -->","yoast_head_json":{"title":"Kategoria A2 - Nauka Jazdy Krzysztof Kami\u0144ski","description":"Kami\u0144ski Prawo Jazdy","robots":{"index":"index","follow":"follow","max-snippet":"max-snippet:-1","max-image-preview":"max-image-preview:large","max-video-preview":"max-video-preview:-1"},"canonical":"https:\/\/kaminskinauka.pl\/index.php\/a2\/","og_locale":"pl_PL","og_type":"article","og_title":"Kategoria A2 - Nauka Jazdy Krzysztof Kami\u0144ski","og_description":"Kami\u0144ski Prawo Jazdy","og_url":"https:\/\/kaminskinauka.pl\/index.php\/a2\/","og_site_name":"Nauka Jazdy Krzysztof Kami\u0144ski","article_publisher":"https:\/\/www.facebook.com\/OSKKaminski\/","article_modified_time":"2025-09-23T17:06:09+00:00","og_image":[{"url":"http:\/\/kaminskinauka.pl\/wp-content\/uploads\/2023\/12\/cta-car.png","type":"","width":"","height":""}],"twitter_card":"summary_large_image","twitter_misc":{"Szacowany czas czytania":"3 minuty"},"schema":{"@context":"https:\/\/schema.org","@graph":[{"@type":"WebPage","@id":"https:\/\/kaminskinauka.pl\/index.php\/a2\/","url":"https:\/\/kaminskinauka.pl\/index.php\/a2\/","name":"Kategoria A2 - Nauka Jazdy Krzysztof Kami\u0144ski","isPartOf":{"@id":"https:\/\/kaminskinauka.pl\/#website"},"primaryImageOfPage":{"@id":"https:\/\/kaminskinauka.pl\/index.php\/a2\/#primaryimage"},"image":{"@id":"https:\/\/kaminskinauka.pl\/index.php\/a2\/#primaryimage"},"thumbnailUrl":"http:\/\/kaminskinauka.pl\/wp-content\/uploads\/2023\/12\/cta-car.png","datePublished":"2025-07-03T18:31:44+00:00","dateModified":"2025-09-23T17:06:09+00:00","description":"Kami\u0144ski Prawo Jazdy","breadcrumb":{"@id":"https:\/\/kaminskinauka.pl\/index.php\/a2\/#breadcrumb"},"inLanguage":"pl-PL","potentialAction":[{"@type":"ReadAction","target":["https:\/\/kaminskinauka.pl\/index.php\/a2\/"]}]},{"@type":"ImageObject","inLanguage":"pl-PL","@id":"https:\/\/kaminskinauka.pl\/index.php\/a2\/#primaryimage","url":"http:\/\/kaminskinauka.pl\/wp-content\/uploads\/2023\/12\/cta-car.png","contentUrl":"http:\/\/kaminskinauka.pl\/wp-content\/uploads\/2023\/12\/cta-car.png"},{"@type":"BreadcrumbList","@id":"https:\/\/kaminskinauka.pl\/index.php\/a2\/#breadcrumb","itemListElement":[{"@type":"ListItem","position":1,"name":"Strona g\u0142\u00f3wna","item":"https:\/\/kaminskinauka.pl\/"},{"@type":"ListItem","position":2,"name":"Kategoria A2"}]},{"@type":"WebSite","@id":"https:\/\/kaminskinauka.pl\/#website","url":"https:\/\/kaminskinauka.pl\/","name":"Nauka Jazdy Krzysztof Kami\u0144ski","description":"Szko\u0142a Jazdy Krzysztof Kami\u0144ski","publisher":{"@id":"https:\/\/kaminskinauka.pl\/#organization"},"alternateName":"Prawo Jazdy Strzegom","potentialAction":[{"@type":"SearchAction","target":{"@type":"EntryPoint","urlTemplate":"https:\/\/kaminskinauka.pl\/?s={search_term_string}"},"query-input":{"@type":"PropertyValueSpecification","valueRequired":true,"valueName":"search_term_string"}}],"inLanguage":"pl-PL"},{"@type":"Organization","@id":"https:\/\/kaminskinauka.pl\/#organization","name":"Szko\u0142a Jazdy Krzysztof Kami\u0144ski","url":"https:\/\/kaminskinauka.pl\/","logo":{"@type":"ImageObject","inLanguage":"pl-PL","@id":"https:\/\/kaminskinauka.pl\/#\/schema\/logo\/image\/","url":"https:\/\/kaminskinauka.pl\/wp-content\/uploads\/2025\/06\/cropped-cropped-KKSNJ.jpg","contentUrl":"https:\/\/kaminskinauka.pl\/wp-content\/uploads\/2025\/06\/cropped-cropped-KKSNJ.jpg","width":512,"height":512,"caption":"Szko\u0142a Jazdy Krzysztof Kami\u0144ski"},"image":{"@id":"https:\/\/kaminskinauka.pl\/#\/schema\/logo\/image\/"},"sameAs":["https:\/\/www.facebook.com\/OSKKaminski\/"]}]}},"_links":{"self":[{"href":"https:\/\/kaminskinauka.pl\/index.php\/wp-json\/wp\/v2\/pages\/2463","targetHints":{"allow":["GET"]}}],"collection":[{"href":"https:\/\/kaminskinauka.pl\/index.php\/wp-json\/wp\/v2\/pages"}],"about":[{"href":"https:\/\/kaminskinauka.pl\/index.php\/wp-json\/wp\/v2\/types\/page"}],"author":[{"embeddable":true,"href":"https:\/\/kaminskinauka.pl\/index.php\/wp-json\/wp\/v2\/users\/1"}],"replies":[{"embeddable":true,"href":"https:\/\/kaminskinauka.pl\/index.php\/wp-json\/wp\/v2\/comments?post=2463"}],"version-history":[{"count":6,"href":"https:\/\/kaminskinauka.pl\/index.php\/wp-json\/wp\/v2\/pages\/2463\/revisions"}],"predecessor-version":[{"id":2574,"href":"https:\/\/kaminskinauka.pl\/index.php\/wp-json\/wp\/v2\/pages\/2463\/revisions\/2574"}],"wp:attachment":[{"href":"https:\/\/kaminskinauka.pl\/index.php\/wp-json\/wp\/v2\/media?parent=2463"}],"curies":[{"name":"wp","href":"https:\/\/api.w.org\/{rel}","templated":true}]}}