{"id":2488,"date":"2025-07-03T21:10:01","date_gmt":"2025-07-03T19:10:01","guid":{"rendered":"https:\/\/kaminskinauka.pl\/?page_id=2488"},"modified":"2025-09-23T19:13:02","modified_gmt":"2025-09-23T17:13:02","slug":"ce","status":"publish","type":"page","link":"https:\/\/kaminskinauka.pl\/index.php\/ce\/","title":{"rendered":"Kategoria C + E"},"content":{"rendered":"\t\t<div data-elementor-type=\"wp-page\" data-elementor-id=\"2488\" class=\"elementor elementor-2488\">\n\t\t\t\t<div class=\"elementor-element elementor-element-e36c090 service-details e-flex e-con-boxed e-con e-parent\" data-id=\"e36c090\" data-element_type=\"container\" data-e-type=\"container\">\n\t\t\t\t\t<div class=\"e-con-inner\">\n\t\t<div class=\"elementor-element elementor-element-ef88cfb e-con-full e-flex e-con e-child\" data-id=\"ef88cfb\" data-element_type=\"container\" data-e-type=\"container\">\n\t\t\t\t<div class=\"elementor-element elementor-element-fa58184 elementor-widget elementor-widget-sidebar-nav\" data-id=\"fa58184\" data-element_type=\"widget\" data-e-type=\"widget\" data-widget_type=\"sidebar-nav.default\">\n\t\t\t\t<div class=\"elementor-widget-container\">\n\t\t\t\t\t    <div class=\"service-sidebar__single  wow fadeInUp\" data-wow-delay='500ms'>\r\n        <h3 class=\"service-sidebar__title background-black-2\">KATEGORIE<\/h3>                    <div class=\"menu-service-menu-container\"><ul id=\"menu-service-menu\" class=\"list-unstyled service-sidebar__nav ml-0\"><li id=\"menu-item-2392\" class=\"menu-item menu-item-type-post_type menu-item-object-page menu-item-2392\"><a href=\"https:\/\/kaminskinauka.pl\/index.php\/am\/\">Kategoria AM<\/a><\/li>\n<li id=\"menu-item-2402\" class=\"menu-item menu-item-type-post_type menu-item-object-page menu-item-2402\"><a href=\"https:\/\/kaminskinauka.pl\/index.php\/a1\/\">Kategoria A1<\/a><\/li>\n<li id=\"menu-item-2474\" class=\"menu-item menu-item-type-post_type menu-item-object-page menu-item-2474\"><a href=\"https:\/\/kaminskinauka.pl\/index.php\/a2\/\">Kategoria A2<\/a><\/li>\n<li id=\"menu-item-2475\" class=\"menu-item menu-item-type-post_type menu-item-object-page menu-item-2475\"><a href=\"https:\/\/kaminskinauka.pl\/index.php\/b\/\">Kategoria B<\/a><\/li>\n<li id=\"menu-item-2494\" class=\"menu-item menu-item-type-post_type menu-item-object-page menu-item-2494\"><a href=\"https:\/\/kaminskinauka.pl\/index.php\/be\/\">Kategoria B + E<\/a><\/li>\n<li id=\"menu-item-2545\" class=\"menu-item menu-item-type-post_type menu-item-object-page menu-item-2545\"><a href=\"https:\/\/kaminskinauka.pl\/index.php\/c\/\">Kategoria C<\/a><\/li>\n<li id=\"menu-item-2522\" class=\"menu-item menu-item-type-post_type menu-item-object-page menu-item-2522\"><a href=\"https:\/\/kaminskinauka.pl\/index.php\/ce\/\">Kategoria C + E<\/a><\/li>\n<li id=\"menu-item-2523\" class=\"menu-item menu-item-type-post_type menu-item-object-page menu-item-2523\"><a href=\"https:\/\/kaminskinauka.pl\/index.php\/t\/\">Kategoria T<\/a><\/li>\n<li id=\"menu-item-2630\" class=\"menu-item menu-item-type-post_type menu-item-object-page menu-item-2630\"><a href=\"https:\/\/kaminskinauka.pl\/index.php\/learn\/\">Szkolenia Okresowe<\/a><\/li>\n<li id=\"menu-item-2631\" class=\"menu-item menu-item-type-post_type menu-item-object-page menu-item-2631\"><a href=\"https:\/\/kaminskinauka.pl\/index.php\/kwalifikacja\/\">Kwalifikacja wst\u0119pna<\/a><\/li>\n<li id=\"menu-item-2632\" class=\"menu-item menu-item-type-post_type menu-item-object-page menu-item-2632\"><a href=\"https:\/\/kaminskinauka.pl\/index.php\/kwalifikacjap\/\">Kwalifikacja wst\u0119pna przy\u015bpieszona<\/a><\/li>\n<\/ul><\/div>            <\/div><!-- \/.service-sidebar__single -->\r\n\t\t\t\t<\/div>\n\t\t\t\t<\/div>\n\t\t\t\t<div class=\"elementor-element elementor-element-110d9e6 elementor-widget elementor-widget-drivschol-call-to-action\" data-id=\"110d9e6\" data-element_type=\"widget\" data-e-type=\"widget\" data-widget_type=\"drivschol-call-to-action.default\">\n\t\t\t\t<div class=\"elementor-widget-container\">\n\t\t\t\t\t    <!-- Call To Action Two Start -->\r\n    <section class=\"cta-one\">\r\n        <div class=\"cta-one__wrapper\">\r\n            <div class=\"container\">\r\n                <div class=\"row align-items-center\">\r\n                    <div class=\"col-md-7\">\r\n                        <div class=\"cta-one__content wow fadeInUp\" data-wow-delay='200ms'>\r\n                            <h3 class=\"cta-one__title\">Zarezerwuj sw\u00f3j kurs jeszcze dzisiaj<\/h3>                            <a href=\"https:\/\/kaminskinauka.pl\/index.php\/contact\/\"  class=\"drivschol-btn\">\r\n                                <span>Kontakt<\/span>\r\n                            <\/a>\r\n                        <\/div>\r\n                    <\/div>\r\n                    <div class=\"col-md-5\">\r\n                        <div class=\"cta-one__thumb\">\r\n                            <div class=\"cta-one__thumb__one wow fadeInUp\" data-wow-delay=\"300ms\">\r\n                                <div class=\"cta-one__thumb__one__thumb\">\r\n                                    <img decoding=\"async\" src=\"https:\/\/kaminskinauka.pl\/wp-content\/uploads\/2023\/12\/cta-car.png\" alt=\"cta-car\" title=\"cta-car\" >                                <\/div>\r\n                            <\/div><!-- \/.cta-thumb-one -->\r\n                        <\/div>\r\n                    <\/div>\r\n                <\/div>\r\n            <\/div><!-- \/.container -->\r\n            <div class=\"cta-one__element\">\r\n                <img decoding=\"async\" src=\"https:\/\/kaminskinauka.pl\/wp-content\/uploads\/2023\/12\/cta-bg-1-1-1.png\" alt=\"cta-bg-1-1\" title=\"cta-bg-1-1\" >            <\/div><!-- \/.cta-one__element -->\r\n        <\/div>\r\n    <\/section><!-- \/.cta-one -->\r\n    <!-- Call To Action Two End -->\r\n\t\t\t\t<\/div>\n\t\t\t\t<\/div>\n\t\t\t\t<\/div>\n\t\t<div class=\"elementor-element elementor-element-2ea42c4 e-con-full service-details__content e-flex e-con e-child\" data-id=\"2ea42c4\" data-element_type=\"container\" data-e-type=\"container\">\n\t\t\t\t<div class=\"elementor-element elementor-element-61a9e79 elementor-widget elementor-widget-image\" data-id=\"61a9e79\" data-element_type=\"widget\" data-e-type=\"widget\" data-widget_type=\"image.default\">\n\t\t\t\t<div class=\"elementor-widget-container\">\n\t\t\t\t\t\t\t\t\t\t\t\t\t\t\t<img fetchpriority=\"high\" decoding=\"async\" width=\"1536\" height=\"1024\" src=\"https:\/\/kaminskinauka.pl\/wp-content\/uploads\/2025\/07\/ChatGPT-Image-4-lip-2025-18_35_43.png\" class=\"attachment-full size-full wp-image-2534\" alt=\"\" srcset=\"https:\/\/kaminskinauka.pl\/wp-content\/uploads\/2025\/07\/ChatGPT-Image-4-lip-2025-18_35_43.png 1536w, https:\/\/kaminskinauka.pl\/wp-content\/uploads\/2025\/07\/ChatGPT-Image-4-lip-2025-18_35_43-300x200.png 300w, https:\/\/kaminskinauka.pl\/wp-content\/uploads\/2025\/07\/ChatGPT-Image-4-lip-2025-18_35_43-1024x683.png 1024w, https:\/\/kaminskinauka.pl\/wp-content\/uploads\/2025\/07\/ChatGPT-Image-4-lip-2025-18_35_43-768x512.png 768w, https:\/\/kaminskinauka.pl\/wp-content\/uploads\/2025\/07\/ChatGPT-Image-4-lip-2025-18_35_43-570x380.png 570w\" sizes=\"(max-width: 1536px) 100vw, 1536px\" \/>\t\t\t\t\t\t\t\t\t\t\t\t\t\t\t<\/div>\n\t\t\t\t<\/div>\n\t\t\t\t<div class=\"elementor-element elementor-element-28fec18 elementor-widget elementor-widget-image\" data-id=\"28fec18\" data-element_type=\"widget\" data-e-type=\"widget\" data-widget_type=\"image.default\">\n\t\t\t\t<div class=\"elementor-widget-container\">\n\t\t\t\t\t\t\t\t\t\t\t\t\t\t\t<img decoding=\"async\" width=\"1024\" height=\"1536\" src=\"https:\/\/kaminskinauka.pl\/wp-content\/uploads\/2025\/07\/ChatGPT-Image-4-lip-2025-18_09_34.png\" class=\"attachment-full size-full wp-image-2528\" alt=\"\" srcset=\"https:\/\/kaminskinauka.pl\/wp-content\/uploads\/2025\/07\/ChatGPT-Image-4-lip-2025-18_09_34.png 1024w, https:\/\/kaminskinauka.pl\/wp-content\/uploads\/2025\/07\/ChatGPT-Image-4-lip-2025-18_09_34-200x300.png 200w, https:\/\/kaminskinauka.pl\/wp-content\/uploads\/2025\/07\/ChatGPT-Image-4-lip-2025-18_09_34-683x1024.png 683w, https:\/\/kaminskinauka.pl\/wp-content\/uploads\/2025\/07\/ChatGPT-Image-4-lip-2025-18_09_34-768x1152.png 768w, https:\/\/kaminskinauka.pl\/wp-content\/uploads\/2025\/07\/ChatGPT-Image-4-lip-2025-18_09_34-570x855.png 570w\" sizes=\"(max-width: 1024px) 100vw, 1024px\" \/>\t\t\t\t\t\t\t\t\t\t\t\t\t\t\t<\/div>\n\t\t\t\t<\/div>\n\t\t\t\t<div class=\"elementor-element elementor-element-f0b20fe elementor-widget elementor-widget-heading\" data-id=\"f0b20fe\" data-element_type=\"widget\" data-e-type=\"widget\" data-widget_type=\"heading.default\">\n\t\t\t\t<div class=\"elementor-widget-container\">\n\t\t\t\t\t<h3 class=\"elementor-heading-title elementor-size-default\">PRAWO JAZDY KATEGORII C + E<\/h3>\t\t\t\t<\/div>\n\t\t\t\t<\/div>\n\t\t\t\t<div class=\"elementor-element elementor-element-dc763b5 elementor-widget elementor-widget-text-editor\" data-id=\"dc763b5\" data-element_type=\"widget\" data-e-type=\"widget\" data-widget_type=\"text-editor.default\">\n\t\t\t\t<div class=\"elementor-widget-container\">\n\t\t\t\t\t\t\t\t\t<h3 style=\"text-align: center;\" data-start=\"60\" data-end=\"80\">\u2705 <strong data-start=\"66\" data-end=\"80\">Wymagania:<\/strong><\/h3><ul style=\"text-align: center;\" data-start=\"81\" data-end=\"374\"><li data-start=\"81\" data-end=\"207\"><p data-start=\"83\" data-end=\"207\">minimalny wiek: <strong data-start=\"99\" data-end=\"109\">21 lat<\/strong><br data-start=\"109\" data-end=\"112\" \/>(lub <strong data-start=\"119\" data-end=\"129\">18 lat<\/strong> w przypadku os\u00f3b ucz\u0105cych si\u0119 zawodu kierowcy w ramach kwalifikacji wst\u0119pnej)<\/p><\/li><li data-start=\"208\" data-end=\"243\"><p data-start=\"210\" data-end=\"243\">posiadanie prawa jazdy <strong data-start=\"233\" data-end=\"243\">kat. C<\/strong><\/p><\/li><li data-start=\"244\" data-end=\"310\"><p data-start=\"246\" data-end=\"310\"><strong data-start=\"246\" data-end=\"270\">orzeczenie lekarskie<\/strong> i psychologiczne o braku przeciwwskaza\u0144<\/p><\/li><li data-start=\"311\" data-end=\"344\"><p data-start=\"313\" data-end=\"344\"><strong data-start=\"313\" data-end=\"331\">uko\u0144czony kurs<\/strong> (praktyczny)<\/p><\/li><li data-start=\"345\" data-end=\"374\"><p data-start=\"347\" data-end=\"374\"><strong data-start=\"347\" data-end=\"374\">zdany egzamin pa\u0144stwowy<\/strong><\/p><\/li><\/ul><hr data-start=\"376\" data-end=\"379\" \/><h3 style=\"text-align: center;\" data-start=\"381\" data-end=\"420\">\ud83d\ude9a <strong data-start=\"388\" data-end=\"420\">Uprawnienia (kategoria C+E):<\/strong><\/h3><ul style=\"text-align: center;\" data-start=\"421\" data-end=\"632\"><li data-start=\"421\" data-end=\"472\"><p data-start=\"423\" data-end=\"472\"><strong data-start=\"423\" data-end=\"448\">pojazdy z kategorii C<\/strong> (samochody ci\u0119\u017carowe)<\/p><\/li><li data-start=\"473\" data-end=\"525\"><p data-start=\"475\" data-end=\"525\"><strong data-start=\"475\" data-end=\"500\">przyczepa lub naczepa<\/strong> (czyli zestawy typu TIR)<\/p><\/li><li data-start=\"526\" data-end=\"573\"><p data-start=\"528\" data-end=\"573\"><strong data-start=\"528\" data-end=\"571\">zespo\u0142y pojazd\u00f3w o DMC powy\u017cej 3,5 tony<\/strong><\/p><\/li><li data-start=\"574\" data-end=\"632\"><p data-start=\"576\" data-end=\"632\">mo\u017cliwo\u015b\u0107 kierowania <strong data-start=\"597\" data-end=\"632\">ci\u0105gnikami siod\u0142owymi z naczep\u0105<\/strong><\/p><\/li><\/ul><hr data-start=\"634\" data-end=\"637\" \/><h3 style=\"text-align: center;\" data-start=\"639\" data-end=\"671\">\u2139\ufe0f <strong data-start=\"646\" data-end=\"671\">Dodatkowe informacje:<\/strong><\/h3><ul data-start=\"672\" data-end=\"860\"><li style=\"text-align: center;\" data-start=\"672\" data-end=\"759\"><p data-start=\"674\" data-end=\"759\">mo\u017cliwo\u015b\u0107 pracy jako <strong data-start=\"695\" data-end=\"716\">kierowca zawodowy<\/strong> w transporcie krajowym i mi\u0119dzynarodowym<\/p><\/li><li data-start=\"760\" data-end=\"860\"><p style=\"text-align: center;\" data-start=\"762\" data-end=\"860\">wymagane odbycie <strong data-start=\"779\" data-end=\"804\">kwalifikacji wst\u0119pnej<\/strong> lub <strong data-start=\"809\" data-end=\"833\">szkolenia okresowego<\/strong> (dla kierowc\u00f3w zawodowych)<\/p><\/li><\/ul>\t\t\t\t\t\t\t\t<\/div>\n\t\t\t\t<\/div>\n\t\t\t\t<div class=\"elementor-element elementor-element-bebff5c elementor-widget elementor-widget-image\" data-id=\"bebff5c\" data-element_type=\"widget\" data-e-type=\"widget\" data-widget_type=\"image.default\">\n\t\t\t\t<div class=\"elementor-widget-container\">\n\t\t\t\t\t\t\t\t\t\t\t\t\t\t\t<img decoding=\"async\" width=\"1536\" height=\"1024\" src=\"https:\/\/kaminskinauka.pl\/wp-content\/uploads\/2025\/07\/ce.png\" class=\"attachment-full size-full wp-image-2588\" alt=\"\" srcset=\"https:\/\/kaminskinauka.pl\/wp-content\/uploads\/2025\/07\/ce.png 1536w, https:\/\/kaminskinauka.pl\/wp-content\/uploads\/2025\/07\/ce-300x200.png 300w, https:\/\/kaminskinauka.pl\/wp-content\/uploads\/2025\/07\/ce-1024x683.png 1024w, https:\/\/kaminskinauka.pl\/wp-content\/uploads\/2025\/07\/ce-768x512.png 768w, https:\/\/kaminskinauka.pl\/wp-content\/uploads\/2025\/07\/ce-570x380.png 570w\" sizes=\"(max-width: 1536px) 100vw, 1536px\" \/>\t\t\t\t\t\t\t\t\t\t\t\t\t\t\t<\/div>\n\t\t\t\t<\/div>\n\t\t<div class=\"elementor-element elementor-element-9516e27 e-con-full e-flex e-con e-child\" data-id=\"9516e27\" data-element_type=\"container\" data-e-type=\"container\">\n\t\t\t\t<\/div>\n\t\t\t\t<\/div>\n\t\t\t\t\t<\/div>\n\t\t\t\t<\/div>\n\t\t\t\t<\/div>\n\t\t","protected":false},"excerpt":{"rendered":"<p>KATEGORIE Kategoria AM Kategoria A1 Kategoria A2 Kategoria B Kategoria B + E Kategoria C Zarezerwuj sw\u00f3j kurs jeszcze dzisiaj Kontakt PRAWO JAZDY KATEGORII AM Prawo jazdy kategorii AM\u00a0uprawnia do kierowania motorowerem i lekkim czteroko\u0142owcem.\u00a0Oznacza to, \u017ce posiadacz tej kategorii mo\u017ce prowadzi\u0107 pojazdy, kt\u00f3re charakteryzuj\u0105 si\u0119 okre\u015blon\u0105 specyfikacj\u0105 techniczn\u0105 (np. pojemno\u015b\u0107 silnika spalinowego do 50 [&hellip;]<\/p>\n","protected":false},"author":1,"featured_media":0,"parent":0,"menu_order":0,"comment_status":"closed","ping_status":"closed","template":"elementor_header_footer","meta":{"footnotes":""},"class_list":["post-2488","page","type-page","status-publish","hentry"],"yoast_head":"<!-- This site is optimized with the Yoast SEO plugin v27.4 - https:\/\/yoast.com\/product\/yoast-seo-wordpress\/ -->\n<title>Kategoria C + E - Nauka Jazdy Krzysztof Kami\u0144ski<\/title>\n<meta name=\"description\" content=\"prawo jazdy c+e kaminski\" \/>\n<meta name=\"robots\" content=\"index, follow, max-snippet:-1, max-image-preview:large, max-video-preview:-1\" \/>\n<link rel=\"canonical\" href=\"https:\/\/kaminskinauka.pl\/index.php\/ce\/\" \/>\n<meta property=\"og:locale\" content=\"pl_PL\" \/>\n<meta property=\"og:type\" content=\"article\" \/>\n<meta property=\"og:title\" content=\"Kategoria C + E - Nauka Jazdy Krzysztof Kami\u0144ski\" \/>\n<meta property=\"og:description\" content=\"prawo jazdy c+e kaminski\" \/>\n<meta property=\"og:url\" content=\"https:\/\/kaminskinauka.pl\/index.php\/ce\/\" \/>\n<meta property=\"og:site_name\" content=\"Nauka Jazdy Krzysztof Kami\u0144ski\" \/>\n<meta property=\"article:publisher\" content=\"https:\/\/www.facebook.com\/OSKKaminski\/\" \/>\n<meta property=\"article:modified_time\" content=\"2025-09-23T17:13:02+00:00\" \/>\n<meta property=\"og:image\" content=\"http:\/\/kaminskinauka.pl\/wp-content\/uploads\/2023\/12\/cta-car.png\" \/>\n<meta name=\"twitter:card\" content=\"summary_large_image\" \/>\n<meta name=\"twitter:label1\" content=\"Szacowany czas czytania\" \/>\n\t<meta name=\"twitter:data1\" content=\"3 minuty\" \/>\n<script type=\"application\/ld+json\" class=\"yoast-schema-graph\">{\"@context\":\"https:\\\/\\\/schema.org\",\"@graph\":[{\"@type\":\"WebPage\",\"@id\":\"https:\\\/\\\/kaminskinauka.pl\\\/index.php\\\/ce\\\/\",\"url\":\"https:\\\/\\\/kaminskinauka.pl\\\/index.php\\\/ce\\\/\",\"name\":\"Kategoria C + E - Nauka Jazdy Krzysztof Kami\u0144ski\",\"isPartOf\":{\"@id\":\"https:\\\/\\\/kaminskinauka.pl\\\/#website\"},\"primaryImageOfPage\":{\"@id\":\"https:\\\/\\\/kaminskinauka.pl\\\/index.php\\\/ce\\\/#primaryimage\"},\"image\":{\"@id\":\"https:\\\/\\\/kaminskinauka.pl\\\/index.php\\\/ce\\\/#primaryimage\"},\"thumbnailUrl\":\"http:\\\/\\\/kaminskinauka.pl\\\/wp-content\\\/uploads\\\/2023\\\/12\\\/cta-car.png\",\"datePublished\":\"2025-07-03T19:10:01+00:00\",\"dateModified\":\"2025-09-23T17:13:02+00:00\",\"description\":\"prawo jazdy c+e kaminski\",\"breadcrumb\":{\"@id\":\"https:\\\/\\\/kaminskinauka.pl\\\/index.php\\\/ce\\\/#breadcrumb\"},\"inLanguage\":\"pl-PL\",\"potentialAction\":[{\"@type\":\"ReadAction\",\"target\":[\"https:\\\/\\\/kaminskinauka.pl\\\/index.php\\\/ce\\\/\"]}]},{\"@type\":\"ImageObject\",\"inLanguage\":\"pl-PL\",\"@id\":\"https:\\\/\\\/kaminskinauka.pl\\\/index.php\\\/ce\\\/#primaryimage\",\"url\":\"http:\\\/\\\/kaminskinauka.pl\\\/wp-content\\\/uploads\\\/2023\\\/12\\\/cta-car.png\",\"contentUrl\":\"http:\\\/\\\/kaminskinauka.pl\\\/wp-content\\\/uploads\\\/2023\\\/12\\\/cta-car.png\"},{\"@type\":\"BreadcrumbList\",\"@id\":\"https:\\\/\\\/kaminskinauka.pl\\\/index.php\\\/ce\\\/#breadcrumb\",\"itemListElement\":[{\"@type\":\"ListItem\",\"position\":1,\"name\":\"Strona g\u0142\u00f3wna\",\"item\":\"https:\\\/\\\/kaminskinauka.pl\\\/\"},{\"@type\":\"ListItem\",\"position\":2,\"name\":\"Kategoria C + E\"}]},{\"@type\":\"WebSite\",\"@id\":\"https:\\\/\\\/kaminskinauka.pl\\\/#website\",\"url\":\"https:\\\/\\\/kaminskinauka.pl\\\/\",\"name\":\"Nauka Jazdy Krzysztof Kami\u0144ski\",\"description\":\"Szko\u0142a Jazdy Krzysztof Kami\u0144ski\",\"publisher\":{\"@id\":\"https:\\\/\\\/kaminskinauka.pl\\\/#organization\"},\"alternateName\":\"Prawo Jazdy Strzegom\",\"potentialAction\":[{\"@type\":\"SearchAction\",\"target\":{\"@type\":\"EntryPoint\",\"urlTemplate\":\"https:\\\/\\\/kaminskinauka.pl\\\/?s={search_term_string}\"},\"query-input\":{\"@type\":\"PropertyValueSpecification\",\"valueRequired\":true,\"valueName\":\"search_term_string\"}}],\"inLanguage\":\"pl-PL\"},{\"@type\":\"Organization\",\"@id\":\"https:\\\/\\\/kaminskinauka.pl\\\/#organization\",\"name\":\"Szko\u0142a Jazdy Krzysztof Kami\u0144ski\",\"url\":\"https:\\\/\\\/kaminskinauka.pl\\\/\",\"logo\":{\"@type\":\"ImageObject\",\"inLanguage\":\"pl-PL\",\"@id\":\"https:\\\/\\\/kaminskinauka.pl\\\/#\\\/schema\\\/logo\\\/image\\\/\",\"url\":\"https:\\\/\\\/kaminskinauka.pl\\\/wp-content\\\/uploads\\\/2025\\\/06\\\/cropped-cropped-KKSNJ.jpg\",\"contentUrl\":\"https:\\\/\\\/kaminskinauka.pl\\\/wp-content\\\/uploads\\\/2025\\\/06\\\/cropped-cropped-KKSNJ.jpg\",\"width\":512,\"height\":512,\"caption\":\"Szko\u0142a Jazdy Krzysztof Kami\u0144ski\"},\"image\":{\"@id\":\"https:\\\/\\\/kaminskinauka.pl\\\/#\\\/schema\\\/logo\\\/image\\\/\"},\"sameAs\":[\"https:\\\/\\\/www.facebook.com\\\/OSKKaminski\\\/\"]}]}<\/script>\n<!-- \/ Yoast SEO plugin. -->","yoast_head_json":{"title":"Kategoria C + E - Nauka Jazdy Krzysztof Kami\u0144ski","description":"prawo jazdy c+e kaminski","robots":{"index":"index","follow":"follow","max-snippet":"max-snippet:-1","max-image-preview":"max-image-preview:large","max-video-preview":"max-video-preview:-1"},"canonical":"https:\/\/kaminskinauka.pl\/index.php\/ce\/","og_locale":"pl_PL","og_type":"article","og_title":"Kategoria C + E - Nauka Jazdy Krzysztof Kami\u0144ski","og_description":"prawo jazdy c+e kaminski","og_url":"https:\/\/kaminskinauka.pl\/index.php\/ce\/","og_site_name":"Nauka Jazdy Krzysztof Kami\u0144ski","article_publisher":"https:\/\/www.facebook.com\/OSKKaminski\/","article_modified_time":"2025-09-23T17:13:02+00:00","og_image":[{"url":"http:\/\/kaminskinauka.pl\/wp-content\/uploads\/2023\/12\/cta-car.png","type":"","width":"","height":""}],"twitter_card":"summary_large_image","twitter_misc":{"Szacowany czas czytania":"3 minuty"},"schema":{"@context":"https:\/\/schema.org","@graph":[{"@type":"WebPage","@id":"https:\/\/kaminskinauka.pl\/index.php\/ce\/","url":"https:\/\/kaminskinauka.pl\/index.php\/ce\/","name":"Kategoria C + E - Nauka Jazdy Krzysztof Kami\u0144ski","isPartOf":{"@id":"https:\/\/kaminskinauka.pl\/#website"},"primaryImageOfPage":{"@id":"https:\/\/kaminskinauka.pl\/index.php\/ce\/#primaryimage"},"image":{"@id":"https:\/\/kaminskinauka.pl\/index.php\/ce\/#primaryimage"},"thumbnailUrl":"http:\/\/kaminskinauka.pl\/wp-content\/uploads\/2023\/12\/cta-car.png","datePublished":"2025-07-03T19:10:01+00:00","dateModified":"2025-09-23T17:13:02+00:00","description":"prawo jazdy c+e kaminski","breadcrumb":{"@id":"https:\/\/kaminskinauka.pl\/index.php\/ce\/#breadcrumb"},"inLanguage":"pl-PL","potentialAction":[{"@type":"ReadAction","target":["https:\/\/kaminskinauka.pl\/index.php\/ce\/"]}]},{"@type":"ImageObject","inLanguage":"pl-PL","@id":"https:\/\/kaminskinauka.pl\/index.php\/ce\/#primaryimage","url":"http:\/\/kaminskinauka.pl\/wp-content\/uploads\/2023\/12\/cta-car.png","contentUrl":"http:\/\/kaminskinauka.pl\/wp-content\/uploads\/2023\/12\/cta-car.png"},{"@type":"BreadcrumbList","@id":"https:\/\/kaminskinauka.pl\/index.php\/ce\/#breadcrumb","itemListElement":[{"@type":"ListItem","position":1,"name":"Strona g\u0142\u00f3wna","item":"https:\/\/kaminskinauka.pl\/"},{"@type":"ListItem","position":2,"name":"Kategoria C + E"}]},{"@type":"WebSite","@id":"https:\/\/kaminskinauka.pl\/#website","url":"https:\/\/kaminskinauka.pl\/","name":"Nauka Jazdy Krzysztof Kami\u0144ski","description":"Szko\u0142a Jazdy Krzysztof Kami\u0144ski","publisher":{"@id":"https:\/\/kaminskinauka.pl\/#organization"},"alternateName":"Prawo Jazdy Strzegom","potentialAction":[{"@type":"SearchAction","target":{"@type":"EntryPoint","urlTemplate":"https:\/\/kaminskinauka.pl\/?s={search_term_string}"},"query-input":{"@type":"PropertyValueSpecification","valueRequired":true,"valueName":"search_term_string"}}],"inLanguage":"pl-PL"},{"@type":"Organization","@id":"https:\/\/kaminskinauka.pl\/#organization","name":"Szko\u0142a Jazdy Krzysztof Kami\u0144ski","url":"https:\/\/kaminskinauka.pl\/","logo":{"@type":"ImageObject","inLanguage":"pl-PL","@id":"https:\/\/kaminskinauka.pl\/#\/schema\/logo\/image\/","url":"https:\/\/kaminskinauka.pl\/wp-content\/uploads\/2025\/06\/cropped-cropped-KKSNJ.jpg","contentUrl":"https:\/\/kaminskinauka.pl\/wp-content\/uploads\/2025\/06\/cropped-cropped-KKSNJ.jpg","width":512,"height":512,"caption":"Szko\u0142a Jazdy Krzysztof Kami\u0144ski"},"image":{"@id":"https:\/\/kaminskinauka.pl\/#\/schema\/logo\/image\/"},"sameAs":["https:\/\/www.facebook.com\/OSKKaminski\/"]}]}},"_links":{"self":[{"href":"https:\/\/kaminskinauka.pl\/index.php\/wp-json\/wp\/v2\/pages\/2488","targetHints":{"allow":["GET"]}}],"collection":[{"href":"https:\/\/kaminskinauka.pl\/index.php\/wp-json\/wp\/v2\/pages"}],"about":[{"href":"https:\/\/kaminskinauka.pl\/index.php\/wp-json\/wp\/v2\/types\/page"}],"author":[{"embeddable":true,"href":"https:\/\/kaminskinauka.pl\/index.php\/wp-json\/wp\/v2\/users\/1"}],"replies":[{"embeddable":true,"href":"https:\/\/kaminskinauka.pl\/index.php\/wp-json\/wp\/v2\/comments?post=2488"}],"version-history":[{"count":12,"href":"https:\/\/kaminskinauka.pl\/index.php\/wp-json\/wp\/v2\/pages\/2488\/revisions"}],"predecessor-version":[{"id":2590,"href":"https:\/\/kaminskinauka.pl\/index.php\/wp-json\/wp\/v2\/pages\/2488\/revisions\/2590"}],"wp:attachment":[{"href":"https:\/\/kaminskinauka.pl\/index.php\/wp-json\/wp\/v2\/media?parent=2488"}],"curies":[{"name":"wp","href":"https:\/\/api.w.org\/{rel}","templated":true}]}}